{"id":3719,"date":"2020-04-04T17:32:14","date_gmt":"2020-04-04T15:32:14","guid":{"rendered":"https:\/\/www.eurolife.be\/a-notre-propos\/"},"modified":"2025-03-02T12:12:45","modified_gmt":"2025-03-02T11:12:45","slug":"a-notre-propos","status":"publish","type":"page","link":"https:\/\/www.eurolife.be\/fr\/","title":{"rendered":"\u00c0 notre propos"},"content":{"rendered":"<div class=\"fusion-fullwidth fullwidth-box fusion-builder-row-1 hundred-percent-fullwidth non-hundred-percent-height-scrolling\" style=\"--awb-border-radius-top-left:0px;--awb-border-radius-top-right:0px;--awb-border-radius-bottom-right:0px;--awb-border-radius-bottom-left:0px;--awb-flex-wrap:wrap;\" ><div class=\"fusion-builder-row fusion-row\"><div class=\"fusion-layout-column fusion_builder_column fusion-builder-column-0 fusion_builder_column_1_1 1_1 fusion-one-full fusion-column-first fusion-column-last fusion-column-no-min-height\" style=\"--awb-bg-size:cover;--awb-margin-bottom:0px;\"><div class=\"fusion-column-wrapper fusion-column-has-shadow fusion-flex-column-wrapper-legacy\"><div class=\"fusion-title title fusion-title-1 fusion-title-text fusion-title-size-two\" style=\"--awb-margin-top-small:0px;--awb-margin-right-small:0px;--awb-margin-bottom-small:20px;--awb-margin-left-small:0px;\"><h2 class=\"fusion-title-heading title-heading-left\" style=\"margin:0;\">Qui sommes-nous ?<\/h2><span class=\"awb-title-spacer\"><\/span><div class=\"title-sep-container\"><div class=\"title-sep sep-double sep-solid\" style=\"border-color:#e0dede;\"><\/div><\/div><\/div><div class=\"fusion-clearfix\"><\/div><\/div><\/div><div class=\"fusion-layout-column fusion_builder_column fusion-builder-column-1 fusion_builder_column_1_6 1_6 fusion-one-sixth fusion-column-first fusion-no-small-visibility\" style=\"--awb-bg-size:cover;width:16.666666666667%;width:calc(16.666666666667% - ( ( 4% ) * 0.16666666666667 ) );margin-right: 4%;\"><div class=\"fusion-column-wrapper fusion-flex-column-wrapper-legacy\"><div class=\"fusion-image-element in-legacy-container\" style=\"--awb-bottom-shadow-color:rgba(0,0,0,0.4);--awb-caption-title-font-family:var(--h2_typography-font-family);--awb-caption-title-font-weight:var(--h2_typography-font-weight);--awb-caption-title-font-style:var(--h2_typography-font-style);--awb-caption-title-size:var(--h2_typography-font-size);--awb-caption-title-transform:var(--h2_typography-text-transform);--awb-caption-title-line-height:var(--h2_typography-line-height);--awb-caption-title-letter-spacing:var(--h2_typography-letter-spacing);\"><div class=\"awb-image-frame awb-image-frame-1 awb-bottomshadow\"><span class=\" fusion-imageframe imageframe-bottomshadow imageframe-1 hover-type-none\"><img decoding=\"async\" width=\"170\" height=\"256\" title=\"Renato Jannone EUROLIFE\" src=\"https:\/\/www.eurolife.be\/wp-content\/uploads\/2025\/02\/Site-Web-Eurolife-Photo-RJ.jpg\" alt class=\"img-responsive wp-image-6522\"\/><\/span><svg xmlns=\"http:\/\/www.w3.org\/2000\/svg\" version=\"1.1\" width=\"100%\" viewBox=\"0 0 600 28\" preserveAspectRatio=\"none\"><g clip-path=\"url(#a)\"><mask id=\"b\" style=\"mask-type:luminance\" maskUnits=\"userSpaceOnUse\" x=\"0\" y=\"0\" width=\"600\" height=\"28\"><path d=\"M0 0h600v28H0V0Z\" fill=\"#fff\"\/><\/mask><g filter=\"url(#c)\" mask=\"url(#b)\"><path d=\"M16.439-18.667h567.123v30.8S438.961-8.4 300-8.4C161.04-8.4 16.438 12.133 16.438 12.133v-30.8Z\" fill=\"#000\"\/><\/g><\/g><defs><clipPath id=\"a\"><path fill=\"#fff\" d=\"M0 0h600v28H0z\"\/><\/clipPath><filter id=\"c\" x=\"5.438\" y=\"-29.667\" width=\"589.123\" height=\"52.8\" filterUnits=\"userSpaceOnUse\" color-interpolation-filters=\"sRGB\"><feFlood flood-opacity=\"0\" result=\"BackgroundImageFix\"\/><feBlend in=\"SourceGraphic\" in2=\"BackgroundImageFix\" result=\"shape\"\/><feGaussianBlur stdDeviation=\"5.5\" result=\"effect1_foregroundBlur_3983_183\"\/><\/filter><\/defs><\/svg><\/div><\/div><div class=\"fusion-sep-clear\"><\/div><div class=\"fusion-separator fusion-full-width-sep\" style=\"margin-left: auto;margin-right: auto;margin-top:5px;width:100%;\"><\/div><div class=\"fusion-sep-clear\"><\/div><div class=\"fusion-text fusion-text-1\"><p>Renato Jannone, consultant fondateur chez Eurolife<\/p>\n<\/div><div class=\"fusion-clearfix\"><\/div><\/div><\/div><div class=\"fusion-layout-column fusion_builder_column fusion-builder-column-2 fusion_builder_column_5_6 5_6 fusion-five-sixth fusion-column-last\" style=\"--awb-bg-size:cover;width:83.333333333333%;width:calc(83.333333333333% - ( ( 4% ) * 0.83333333333333 ) );\"><div class=\"fusion-column-wrapper fusion-flex-column-wrapper-legacy\"><div class=\"fusion-text fusion-text-2\"><p>Eurolife a \u00e9t\u00e9 cr\u00e9\u00e9e en Belgique en 1992. Depuis lors, l&rsquo;agence, bas\u00e9e \u00e0 Bruxelles, propose des services de relations publiques couvrant des domaines cl\u00e9s : <a href=\"https:\/\/www.eurolife.be\/fr\/relations-publiques\/relations-avec-les-medias\/\">relations avec les m\u00e9dias<\/a>, <a href=\"https:\/\/www.eurolife.be\/fr\/relations-publiques\/communication-interne\/\">communication interne<\/a>, <a href=\"https:\/\/www.eurolife.be\/fr\/relations-publiques\/communication-avec-les-clients\/\">communication avec les clients<\/a>, <a href=\"https:\/\/www.eurolife.be\/fr\/relations-publiques\/gestion-de-la-reputation\/\">gestion de la r\u00e9putation<\/a>. Parall\u00e8lement, elle s\u2019est \u00e9galement investie dans le marketing strat\u00e9gique en effectuant des \u00e9tudes de march\u00e9, en r\u00e9alisant des analyses de la concurrence et en \u00e9tudiant les environnements des entreprises.<\/p>\n<p>Au nombre de ses r\u00e9f\u00e9rences figurent des acteurs actifs au niveau national ou international ; et ce dans diff\u00e9rents secteurs comme ceux des technologies de l&rsquo;information et de la communication, de la biopharmacie, des biotechnologies, de l\u2019industrie agroalimentaire, de la distribution de produits et de solutions \u00e9lectriques.<\/p>\n<p>Ceci dit, tous les secteurs d\u2019activit\u00e9 sont passionnants, que ce soit en raison des enjeux, des d\u00e9fis ou des opportunit\u00e9s qui leur sont propres. Aussi, que vous op\u00e9riez dans l\u2019un des secteurs pr\u00e9cit\u00e9s ou non, n\u2019h\u00e9sitez pas \u00e0 nous contacter. Nous nous ferons un plaisir de nous mettre \u00e0 votre \u00e9coute et r\u00e9pondrons \u00e0 toutes vos questions sans engagement de votre part.<\/p>\n<\/div><div class=\"fusion-clearfix\"><\/div><\/div><\/div><div class=\"fusion-layout-column fusion_builder_column fusion-builder-column-3 fusion_builder_column_1_1 1_1 fusion-one-full fusion-column-first fusion-column-last fusion-column-no-min-height\" style=\"--awb-bg-size:cover;--awb-margin-bottom:0px;\"><div class=\"fusion-column-wrapper fusion-flex-column-wrapper-legacy\"><div class=\"fusion-title title fusion-title-2 fusion-title-text fusion-title-size-two\" style=\"--awb-margin-top-small:0px;--awb-margin-right-small:0px;--awb-margin-bottom-small:20px;--awb-margin-left-small:0px;\"><h2 class=\"fusion-title-heading title-heading-left\" style=\"margin:0;\">La satisfaction de nos clients est au c\u0153ur de nos activit\u00e9s<\/h2><span class=\"awb-title-spacer\"><\/span><div class=\"title-sep-container\"><div class=\"title-sep sep-double sep-solid\" style=\"border-color:#e0dede;\"><\/div><\/div><\/div><div class=\"fusion-clearfix\"><\/div><\/div><\/div><div class=\"fusion-layout-column fusion_builder_column fusion-builder-column-4 fusion_builder_column_1_1 1_1 fusion-one-full fusion-column-first fusion-column-last fusion-column-no-min-height\" style=\"--awb-bg-size:cover;\"><div class=\"fusion-column-wrapper fusion-column-has-shadow fusion-flex-column-wrapper-legacy\"><div class=\"fusion-testimonials classic awb-speech-bubble-show fusion-testimonials-1\" style=\"--awb-textcolor:#747474;--awb-backgroundcolor:#f9f9f9;--awb-testimonial-border-style:solid;--awb-testimonial-border-color:var(--awb-color3);--awb-navigation-size:12px;--awb-border-top-left-radius:0px;--awb-border-top-right-radius:0px;--awb-border-bottom-left-radius:0px;--awb-border-bottom-right-radius:0px;--testimonial-border-width-top:0px;--testimonial-border-width-right:0px;--testimonial-border-width-bottom:0px;--testimonial-border-width-left:0px;\" data-random=\"0\" data-speed=\"16000\"><div class=\"reviews\"><div class=\"review active-testimonial no-avatar\"><blockquote><div class=\"awb-quote\"><div class=\"awb-quote-content\">\n<p>\u00ab J\u2019ai travaill\u00e9 avec Eurolife durant 26 ans, soit de 1992 \u00e0 2018. Durant cette p\u00e9riode, Eurolife a r\u00e9guli\u00e8rement re\u00e7u des awards de la part de Xerox Europe pour ses prestations exceptionnelles dans le domaine des relations m\u00e9dia, alors que les niveaux des indicateurs de performance cl\u00e9s \u00e0 atteindre \u00e9taient de plus en plus exigeants. Ceux qui travaillent avec Eurolife savent ce que les mots service et partenariat veulent dire. Je recommande fortement cette agence pour sa capacit\u00e9 \u00e0 concevoir et ex\u00e9cuter des strat\u00e9gies de communication pertinentes, pour son aptitude \u00e0 r\u00e9diger des lettres d\u2019information \u00e0 destination des clients, mais aussi pour sa capacit\u00e9 \u00e0 r\u00e9aliser des analyses SWOT. \u00bb<\/p>\n<\/div><\/div><span class=\"awb-triangle\"><\/span><\/blockquote><div class=\"author\"><span class=\"company-name\"><strong>Pierre Collette<\/strong><span>, <\/span><span>ex-directeur du marketing de Xerox Belgique-Luxembourg<\/span><\/span><\/div><\/div><div class=\"review alignment-left no-avatar\"><blockquote><div class=\"awb-quote\"><div class=\"awb-quote-content\">\n<p>\u00ab J&rsquo;ai travaill\u00e9 avec de nombreuses soci\u00e9t\u00e9s de relations presse au cours des derni\u00e8res ann\u00e9es, et Eurolife se d\u00e9marque de la plupart des autres agences, non seulement en faisant preuve d&rsquo;initiative, d&rsquo;intelligence et de cr\u00e9ativit\u00e9, mais aussi par sa capacit\u00e9 \u00e0 fonctionner comme un partenaire flexible. Eurolife est fiable, discr\u00e8te, sympathique, loyale, honn\u00eate et r\u00e9aliste dans ses attentes. \u00bb<\/p>\n<\/div><\/div><span class=\"awb-triangle\"><\/span><\/blockquote><div class=\"author\"><span class=\"company-name\"><strong>Didier Malherbe<\/strong><span>, <\/span><span>ancien vice-pr\u00e9sident chez UCB et administrateur d\u00e9l\u00e9gu\u00e9 d\u2019UCB Belgique<\/span><\/span><\/div><\/div><div class=\"review no-avatar\"><blockquote><div class=\"awb-quote\"><div class=\"awb-quote-content\">\n<p>\u00ab J&rsquo;ai eu le plaisir de travailler en \u00e9troite collaboration avec Eurolife pendant une dizaine d&rsquo;ann\u00e9es, au cours desquelles l&rsquo;agence nous a aid\u00e9s \u00e0 d\u00e9velopper de tr\u00e8s bonnes relations avec les journalistes belges qui couvrent le secteur des t\u00e9l\u00e9coms et des technologies. Je recommanderais Eurolife \u00e0 toute organisation d\u00e9sireuse d\u2019augmenter son cr\u00e9dit m\u00e9diatique en Belgique par la cr\u00e9ation de liens interpersonnels solides, tout en b\u00e9n\u00e9ficiant d&rsquo;un service personnalis\u00e9, d&rsquo;une attention aux d\u00e9tails et d&rsquo;un engagement qui d\u00e9passent les habitudes de la plupart des grandes agences. \u00bb<\/p>\n<\/div><\/div><span class=\"awb-triangle\"><\/span><\/blockquote><div class=\"author\"><span class=\"company-name\"><strong>Alan Ball<\/strong><span>, <\/span><span>ex-directeur mondial des relations publiques pour la division Global Services de BT<\/span><\/span><\/div><\/div><div class=\"review no-avatar\"><blockquote><div class=\"awb-quote\"><div class=\"awb-quote-content\">\n<p>\u00ab Nous avons r\u00e9guli\u00e8rement fait appel aux services d\u2019Eurolife pour les contacts presse. La qualit\u00e9 de ses relations avec les m\u00e9dias belges a, \u00e0 chaque fois, \u00e9t\u00e9 d\u00e9terminante dans le succ\u00e8s de nos conf\u00e9rences de presse. \u00bb<\/p>\n<\/div><\/div><span class=\"awb-triangle\"><\/span><\/blockquote><div class=\"author\"><span class=\"company-name\"><strong>Fr\u00e9d\u00e9ric Druck<\/strong><span>, <\/span><span>ex-administrateur d\u00e9l\u00e9gu\u00e9 ad interim et ex-directeur des relations internationales et de la communication de BioWin<\/span><\/span><\/div><\/div><div class=\"review no-avatar\"><blockquote><div class=\"awb-quote\"><div class=\"awb-quote-content\">\n<p>\u00ab Je recommande chaleureusement Eurolife et Renato Jannone en particulier. J&rsquo;ai b\u00e9n\u00e9fici\u00e9 de ses services pendant plus de 15 ans en travaillant chez Xerox, France T\u00e9l\u00e9com (Mobistar) et BT. Deux mots d\u00e9crivent son sens du service client, des relations presse, des services de communication \u00e0 destination des employ\u00e9s, mais aussi son sens de l&rsquo;urgence et de la qualit\u00e9 : r\u00f4le mod\u00e8le ! \u00bb<\/p>\n<\/div><\/div><span class=\"awb-triangle\"><\/span><\/blockquote><div class=\"author\"><span class=\"company-name\"><strong>Reggy-Charles Degen<\/strong><span>, <\/span><span>managing partner chez Youmancapital \u2013 distributeur exclusif www.thehrframework.com - et professeur \u00e0 la Solvay Brussels School of Economics and Management - ULB<\/span><\/span><\/div><\/div><\/div><\/div><div class=\"fusion-clearfix\"><\/div><\/div><\/div><\/div><\/div>\n","protected":false},"excerpt":{"rendered":"","protected":false},"author":3,"featured_media":0,"parent":0,"menu_order":0,"comment_status":"closed","ping_status":"closed","template":"","meta":{"footnotes":"","_links_to":"","_links_to_target":""},"class_list":["post-3719","page","type-page","status-publish","hentry"],"yoast_head":"<!-- This site is optimized with the Yoast SEO plugin v27.5 - https:\/\/yoast.com\/product\/yoast-seo-wordpress\/ -->\n<title>Eurolife | Agence RP \u00e0 Bruxelles, Belgique<\/title>\n<meta name=\"description\" content=\"Eurolife a \u00e9t\u00e9 cr\u00e9\u00e9e en Belgique en 1992. Depuis lors, l&#039;agence, bas\u00e9e \u00e0 Bruxelles, propose des services de relations publiques couvrant les relations avec les m\u00e9dias, la communication interne, la communication avec les clients, la gestion de la r\u00e9putation. Parall\u00e8lement, elle offre \u00e9galement des services de marketing.\" \/>\n<meta name=\"robots\" content=\"index, follow, max-snippet:-1, max-image-preview:large, max-video-preview:-1\" \/>\n<link rel=\"canonical\" href=\"https:\/\/www.eurolife.be\/fr\/\" \/>\n<meta property=\"og:locale\" content=\"fr_FR\" \/>\n<meta property=\"og:type\" content=\"article\" \/>\n<meta property=\"og:title\" content=\"Eurolife | Agence RP \u00e0 Bruxelles, Belgique\" \/>\n<meta property=\"og:description\" content=\"Eurolife a \u00e9t\u00e9 cr\u00e9\u00e9e en Belgique en 1992. Depuis lors, l&#039;agence, bas\u00e9e \u00e0 Bruxelles, propose des services de relations publiques couvrant les relations avec les m\u00e9dias, la communication interne, la communication avec les clients, la gestion de la r\u00e9putation. Parall\u00e8lement, elle offre \u00e9galement des services de marketing.\" \/>\n<meta property=\"og:url\" content=\"https:\/\/www.eurolife.be\/fr\/\" \/>\n<meta property=\"og:site_name\" content=\"Eurolife | Agence RP \u00e0 Bruxelles, Belgique\" \/>\n<meta property=\"article:publisher\" content=\"https:\/\/www.facebook.com\/EurolifePR\" \/>\n<meta property=\"article:modified_time\" content=\"2025-03-02T11:12:45+00:00\" \/>\n<meta name=\"twitter:card\" content=\"summary_large_image\" \/>\n<meta name=\"twitter:site\" content=\"@Eurolife_PR\" \/>\n<meta name=\"twitter:label1\" content=\"Dur\u00e9e de lecture estim\u00e9e\" \/>\n\t<meta name=\"twitter:data1\" content=\"2 minutes\" \/>\n<script type=\"application\/ld+json\" class=\"yoast-schema-graph\">{\"@context\":\"https:\\\/\\\/schema.org\",\"@graph\":[{\"@type\":\"WebPage\",\"@id\":\"https:\\\/\\\/www.eurolife.be\\\/fr\\\/\",\"url\":\"https:\\\/\\\/www.eurolife.be\\\/fr\\\/\",\"name\":\"Eurolife | Agence RP \u00e0 Bruxelles, Belgique\",\"isPartOf\":{\"@id\":\"https:\\\/\\\/www.eurolife.be\\\/fr\\\/#website\"},\"datePublished\":\"2020-04-04T15:32:14+00:00\",\"dateModified\":\"2025-03-02T11:12:45+00:00\",\"description\":\"Eurolife a \u00e9t\u00e9 cr\u00e9\u00e9e en Belgique en 1992. Depuis lors, l'agence, bas\u00e9e \u00e0 Bruxelles, propose des services de relations publiques couvrant les relations avec les m\u00e9dias, la communication interne, la communication avec les clients, la gestion de la r\u00e9putation. Parall\u00e8lement, elle offre \u00e9galement des services de marketing.\",\"inLanguage\":\"fr-FR\",\"potentialAction\":[{\"@type\":\"ReadAction\",\"target\":[\"https:\\\/\\\/www.eurolife.be\\\/fr\\\/\"]}]},{\"@type\":\"WebSite\",\"@id\":\"https:\\\/\\\/www.eurolife.be\\\/fr\\\/#website\",\"url\":\"https:\\\/\\\/www.eurolife.be\\\/fr\\\/\",\"name\":\"Eurolife | Agence RP \u00e0 Bruxelles, Belgique\",\"description\":\"Eurolife est une agence RP situ\u00e9e \u00e0 Bruxelles, Belgique\",\"publisher\":{\"@id\":\"https:\\\/\\\/www.eurolife.be\\\/fr\\\/#organization\"},\"potentialAction\":[{\"@type\":\"SearchAction\",\"target\":{\"@type\":\"EntryPoint\",\"urlTemplate\":\"https:\\\/\\\/www.eurolife.be\\\/fr\\\/?s={search_term_string}\"},\"query-input\":{\"@type\":\"PropertyValueSpecification\",\"valueRequired\":true,\"valueName\":\"search_term_string\"}}],\"inLanguage\":\"fr-FR\"},{\"@type\":\"Organization\",\"@id\":\"https:\\\/\\\/www.eurolife.be\\\/fr\\\/#organization\",\"name\":\"Eurolife\",\"url\":\"https:\\\/\\\/www.eurolife.be\\\/fr\\\/\",\"logo\":{\"@type\":\"ImageObject\",\"inLanguage\":\"fr-FR\",\"@id\":\"https:\\\/\\\/www.eurolife.be\\\/fr\\\/#\\\/schema\\\/logo\\\/image\\\/\",\"url\":\"https:\\\/\\\/www.eurolife.be\\\/wp-content\\\/uploads\\\/2017\\\/01\\\/Site-Web-Eurolife-Favicon-pour-Apple-iPad.jpg\",\"contentUrl\":\"https:\\\/\\\/www.eurolife.be\\\/wp-content\\\/uploads\\\/2017\\\/01\\\/Site-Web-Eurolife-Favicon-pour-Apple-iPad.jpg\",\"width\":72,\"height\":64,\"caption\":\"Eurolife\"},\"image\":{\"@id\":\"https:\\\/\\\/www.eurolife.be\\\/fr\\\/#\\\/schema\\\/logo\\\/image\\\/\"},\"sameAs\":[\"https:\\\/\\\/www.facebook.com\\\/EurolifePR\",\"https:\\\/\\\/x.com\\\/Eurolife_PR\",\"https:\\\/\\\/www.linkedin.com\\\/company\\\/eurolife\"]}]}<\/script>\n<!-- \/ Yoast SEO plugin. -->","yoast_head_json":{"title":"Eurolife | Agence RP \u00e0 Bruxelles, Belgique","description":"Eurolife a \u00e9t\u00e9 cr\u00e9\u00e9e en Belgique en 1992. Depuis lors, l'agence, bas\u00e9e \u00e0 Bruxelles, propose des services de relations publiques couvrant les relations avec les m\u00e9dias, la communication interne, la communication avec les clients, la gestion de la r\u00e9putation. Parall\u00e8lement, elle offre \u00e9galement des services de marketing.","robots":{"index":"index","follow":"follow","max-snippet":"max-snippet:-1","max-image-preview":"max-image-preview:large","max-video-preview":"max-video-preview:-1"},"canonical":"https:\/\/www.eurolife.be\/fr\/","og_locale":"fr_FR","og_type":"article","og_title":"Eurolife | Agence RP \u00e0 Bruxelles, Belgique","og_description":"Eurolife a \u00e9t\u00e9 cr\u00e9\u00e9e en Belgique en 1992. Depuis lors, l'agence, bas\u00e9e \u00e0 Bruxelles, propose des services de relations publiques couvrant les relations avec les m\u00e9dias, la communication interne, la communication avec les clients, la gestion de la r\u00e9putation. Parall\u00e8lement, elle offre \u00e9galement des services de marketing.","og_url":"https:\/\/www.eurolife.be\/fr\/","og_site_name":"Eurolife | Agence RP \u00e0 Bruxelles, Belgique","article_publisher":"https:\/\/www.facebook.com\/EurolifePR","article_modified_time":"2025-03-02T11:12:45+00:00","twitter_card":"summary_large_image","twitter_site":"@Eurolife_PR","twitter_misc":{"Dur\u00e9e de lecture estim\u00e9e":"2 minutes"},"schema":{"@context":"https:\/\/schema.org","@graph":[{"@type":"WebPage","@id":"https:\/\/www.eurolife.be\/fr\/","url":"https:\/\/www.eurolife.be\/fr\/","name":"Eurolife | Agence RP \u00e0 Bruxelles, Belgique","isPartOf":{"@id":"https:\/\/www.eurolife.be\/fr\/#website"},"datePublished":"2020-04-04T15:32:14+00:00","dateModified":"2025-03-02T11:12:45+00:00","description":"Eurolife a \u00e9t\u00e9 cr\u00e9\u00e9e en Belgique en 1992. Depuis lors, l'agence, bas\u00e9e \u00e0 Bruxelles, propose des services de relations publiques couvrant les relations avec les m\u00e9dias, la communication interne, la communication avec les clients, la gestion de la r\u00e9putation. Parall\u00e8lement, elle offre \u00e9galement des services de marketing.","inLanguage":"fr-FR","potentialAction":[{"@type":"ReadAction","target":["https:\/\/www.eurolife.be\/fr\/"]}]},{"@type":"WebSite","@id":"https:\/\/www.eurolife.be\/fr\/#website","url":"https:\/\/www.eurolife.be\/fr\/","name":"Eurolife | Agence RP \u00e0 Bruxelles, Belgique","description":"Eurolife est une agence RP situ\u00e9e \u00e0 Bruxelles, Belgique","publisher":{"@id":"https:\/\/www.eurolife.be\/fr\/#organization"},"potentialAction":[{"@type":"SearchAction","target":{"@type":"EntryPoint","urlTemplate":"https:\/\/www.eurolife.be\/fr\/?s={search_term_string}"},"query-input":{"@type":"PropertyValueSpecification","valueRequired":true,"valueName":"search_term_string"}}],"inLanguage":"fr-FR"},{"@type":"Organization","@id":"https:\/\/www.eurolife.be\/fr\/#organization","name":"Eurolife","url":"https:\/\/www.eurolife.be\/fr\/","logo":{"@type":"ImageObject","inLanguage":"fr-FR","@id":"https:\/\/www.eurolife.be\/fr\/#\/schema\/logo\/image\/","url":"https:\/\/www.eurolife.be\/wp-content\/uploads\/2017\/01\/Site-Web-Eurolife-Favicon-pour-Apple-iPad.jpg","contentUrl":"https:\/\/www.eurolife.be\/wp-content\/uploads\/2017\/01\/Site-Web-Eurolife-Favicon-pour-Apple-iPad.jpg","width":72,"height":64,"caption":"Eurolife"},"image":{"@id":"https:\/\/www.eurolife.be\/fr\/#\/schema\/logo\/image\/"},"sameAs":["https:\/\/www.facebook.com\/EurolifePR","https:\/\/x.com\/Eurolife_PR","https:\/\/www.linkedin.com\/company\/eurolife"]}]}},"_links":{"self":[{"href":"https:\/\/www.eurolife.be\/fr\/wp-json\/wp\/v2\/pages\/3719","targetHints":{"allow":["GET"]}}],"collection":[{"href":"https:\/\/www.eurolife.be\/fr\/wp-json\/wp\/v2\/pages"}],"about":[{"href":"https:\/\/www.eurolife.be\/fr\/wp-json\/wp\/v2\/types\/page"}],"author":[{"embeddable":true,"href":"https:\/\/www.eurolife.be\/fr\/wp-json\/wp\/v2\/users\/3"}],"replies":[{"embeddable":true,"href":"https:\/\/www.eurolife.be\/fr\/wp-json\/wp\/v2\/comments?post=3719"}],"version-history":[{"count":0,"href":"https:\/\/www.eurolife.be\/fr\/wp-json\/wp\/v2\/pages\/3719\/revisions"}],"wp:attachment":[{"href":"https:\/\/www.eurolife.be\/fr\/wp-json\/wp\/v2\/media?parent=3719"}],"curies":[{"name":"wp","href":"https:\/\/api.w.org\/{rel}","templated":true}]}}