{"id":3728,"date":"2020-04-04T18:01:42","date_gmt":"2020-04-04T16:01:42","guid":{"rendered":"https:\/\/www.eurolife.be\/contact\/"},"modified":"2021-09-06T18:03:56","modified_gmt":"2021-09-06T16:03:56","slug":"contact","status":"publish","type":"page","link":"https:\/\/www.eurolife.be\/fr\/contact\/","title":{"rendered":"Contact"},"content":{"rendered":"<p><div class=\"fusion-fullwidth fullwidth-box fusion-builder-row-1 hundred-percent-fullwidth non-hundred-percent-height-scrolling\" style=\"--awb-border-radius-top-left:0px;--awb-border-radius-top-right:0px;--awb-border-radius-bottom-right:0px;--awb-border-radius-bottom-left:0px;--awb-flex-wrap:wrap;\" ><div class=\"fusion-builder-row fusion-row\"><div class=\"fusion-layout-column fusion_builder_column fusion-builder-column-0 fusion_builder_column_1_1 1_1 fusion-one-full fusion-column-first fusion-column-last fusion-column-no-min-height\" style=\"--awb-bg-size:cover;--awb-margin-bottom:0px;\"><div class=\"fusion-column-wrapper fusion-flex-column-wrapper-legacy\"><div class=\"fusion-title title fusion-title-1 fusion-title-text fusion-title-size-two\" style=\"--awb-margin-top-small:0px;--awb-margin-right-small:0px;--awb-margin-bottom-small:20px;--awb-margin-left-small:0px;\"><h2 class=\"fusion-title-heading title-heading-left\" style=\"margin:0;\">Pour obtenir des informations concernant Eurolife ou ses services, merci de remplir le formulaire repris ci-dessous<\/h2><span class=\"awb-title-spacer\"><\/span><div class=\"title-sep-container\"><div class=\"title-sep sep-double sep-solid\" style=\"border-color:#e0dede;\"><\/div><\/div><\/div><div class=\"fusion-text fusion-text-1\"><p><em>Les donn\u00e9es personnelles que vous nous communiquez au moment du remplissage du formulaire (soit votre nom et adresse e-mail) sont trait\u00e9es exclusivement en vue de vous fournir les informations demand\u00e9es ; et cela sans obligation de r\u00e9ponse ni engagement contractuel de votre part. Le responsable du traitement des donn\u00e9es est Renato Jannone. Vos donn\u00e9es ne sont transmises \u00e0 nulle autre personne et elles ne sont conserv\u00e9es dans la bo\u00eete de r\u00e9ception de la messagerie s\u00e9curis\u00e9e de Renato Jannone que le temps du traitement pr\u00e9cit\u00e9. Cela \u00e9tant dit, vous disposez de droits aux termes des articles 12 \u00e0 22 et 34 du <a href=\"https:\/\/eur-lex.europa.eu\/legal-content\/FR\/TXT\/HTML\/?uri=CELEX:32016R0679&amp;from=FR\" target=\"_blank\" rel=\"noopener noreferrer\">r\u00e8glement EU 2016\/679<\/a> (droits d&rsquo;acc\u00e8s, de rectification, \u00e0 l&rsquo;effacement, \u00e0 la limitation du traitement&#8230;). Pour en savoir plus, merci de lire notre <a href=\"https:\/\/www.eurolife.be\/fr\/politique-de-confidentialite\/\" target=\"_blank\" rel=\"noopener noreferrer\">politique de confidentialit\u00e9<\/a>.<\/em><\/p>\n<\/div><div class=\"fusion-sep-clear\"><\/div><div class=\"fusion-separator fusion-full-width-sep\" style=\"margin-left: auto;margin-right: auto;margin-bottom:15px;width:100%;\"><\/div><div class=\"fusion-sep-clear\"><\/div><div class=\"fusion-clearfix\"><\/div><\/div><\/div><div class=\"fusion-layout-column fusion_builder_column fusion-builder-column-1 fusion_builder_column_1_1 1_1 fusion-one-full fusion-column-first fusion-column-last fusion-column-no-min-height\" style=\"--awb-bg-size:cover;--awb-margin-bottom:0px;\"><div class=\"fusion-column-wrapper fusion-flex-column-wrapper-legacy\">\n<div class=\"wpcf7 no-js\" id=\"wpcf7-f3727-o1\" lang=\"en-US\" dir=\"ltr\" data-wpcf7-id=\"3727\">\n<div class=\"screen-reader-response\"><p role=\"status\" aria-live=\"polite\" aria-atomic=\"true\"><\/p> <ul><\/ul><\/div>\n<form action=\"\/fr\/wp-json\/wp\/v2\/pages\/3728#wpcf7-f3727-o1\" method=\"post\" class=\"wpcf7-form init\" aria-label=\"Contact form\" novalidate=\"novalidate\" data-status=\"init\">\n<fieldset class=\"hidden-fields-container\"><input type=\"hidden\" name=\"_wpcf7\" value=\"3727\" \/><input type=\"hidden\" name=\"_wpcf7_version\" value=\"6.1.5\" \/><input type=\"hidden\" name=\"_wpcf7_locale\" value=\"en_US\" \/><input type=\"hidden\" name=\"_wpcf7_unit_tag\" value=\"wpcf7-f3727-o1\" \/><input type=\"hidden\" name=\"_wpcf7_container_post\" value=\"0\" \/><input type=\"hidden\" name=\"_wpcf7_posted_data_hash\" value=\"\" \/>\n<\/fieldset>\n<p>Votre nom <span style=\"color:#e2401c\">*<\/span><br \/>\n<span class=\"wpcf7-form-control-wrap\" data-name=\"votre-nom\"><input size=\"40\" maxlength=\"400\" class=\"wpcf7-form-control wpcf7-text wpcf7-validates-as-required\" aria-required=\"true\" aria-invalid=\"false\" value=\"\" type=\"text\" name=\"votre-nom\" \/><\/span>\n<\/p>\n<p>Votre e-mail <span style=\"color:#e2401c\">*<\/span><br \/>\n<span class=\"wpcf7-form-control-wrap\" data-name=\"votre-e-mail\"><input size=\"40\" maxlength=\"400\" class=\"wpcf7-form-control wpcf7-email wpcf7-validates-as-required wpcf7-text wpcf7-validates-as-email\" aria-required=\"true\" aria-invalid=\"false\" value=\"\" type=\"email\" name=\"votre-e-mail\" \/><\/span>\n<\/p>\n<p>Sujet<br \/>\n<span class=\"wpcf7-form-control-wrap\" data-name=\"votre-sujet\"><input size=\"40\" maxlength=\"400\" class=\"wpcf7-form-control wpcf7-text\" aria-invalid=\"false\" value=\"\" type=\"text\" name=\"votre-sujet\" \/><\/span>\n<\/p>\n<p>Votre message<br \/>\n<span class=\"wpcf7-form-control-wrap\" data-name=\"votre-message\"><textarea cols=\"40\" rows=\"10\" maxlength=\"2000\" class=\"wpcf7-form-control wpcf7-textarea\" aria-invalid=\"false\" name=\"votre-message\"><\/textarea><\/span>\n<\/p>\n<p><span class=\"wpcf7-form-control-wrap\" data-name=\"accept-this-1\"><span class=\"wpcf7-form-control wpcf7-acceptance\"><span class=\"wpcf7-list-item\"><label><input type=\"checkbox\" name=\"accept-this-1\" value=\"1\" aria-invalid=\"false\" \/><span class=\"wpcf7-list-item-label\">J'ai lu et j'approuve la <a href=\"https:\/\/www.eurolife.be\/fr\/politique-de-confidentialite\/\" target=\"_blank\">politique de confidentialit\u00e9<\/a> en vigueur sur ce site. <span style=\"color:#e2401c\">*<\/span><\/span><\/label><\/span><\/span><\/span>\n<\/p>\n<p>Taper le code <b>Ydhj<\/b> ci-dessous<br \/>\n<span class=\"wpcf7-form-control-wrap\" data-name=\"quiz-468\"><label><span class=\"wpcf7-quiz-label\"><\/span> <input size=\"40\" class=\"wpcf7-form-control wpcf7-quiz\" autocomplete=\"off\" aria-required=\"true\" aria-invalid=\"false\" type=\"text\" name=\"quiz-468\" \/><\/label><input type=\"hidden\" name=\"_wpcf7_quiz_answer_quiz-468\" value=\"cec914205d1a4113b1c426700a9251c0\" \/><\/span>\n<\/p>\n<p><input class=\"wpcf7-form-control wpcf7-submit has-spinner\" type=\"submit\" value=\"Envoyer\" \/>\n<\/p><div class=\"fusion-alert alert custom alert-custom fusion-alert-center wpcf7-response-output fusion-alert-capitalize awb-alert-native-link-color alert-dismissable awb-alert-close-boxed\" style=\"--awb-border-top-left-radius:0px;--awb-border-top-right-radius:0px;--awb-border-bottom-left-radius:0px;--awb-border-bottom-right-radius:0px;\" role=\"alert\"><div class=\"fusion-alert-content-wrapper\"><span class=\"fusion-alert-content\"><\/span><\/div><button type=\"button\" class=\"close toggle-alert\" data-dismiss=\"alert\" aria-label=\"Close\">&times;<\/button><\/div>\n<\/form>\n<\/div>\n<div class=\"fusion-clearfix\"><\/div><\/div><\/div><\/div><\/div><div class=\"fusion-fullwidth fullwidth-box fusion-builder-row-2 nonhundred-percent-fullwidth non-hundred-percent-height-scrolling\" style=\"--awb-border-radius-top-left:0px;--awb-border-radius-top-right:0px;--awb-border-radius-bottom-right:0px;--awb-border-radius-bottom-left:0px;--awb-margin-top:50px;--awb-margin-bottom:-60px;--awb-flex-wrap:wrap;\" ><div class=\"fusion-builder-row fusion-row\"><div class=\"fusion-layout-column fusion_builder_column fusion-builder-column-2 fusion_builder_column_1_1 1_1 fusion-one-full fusion-column-first fusion-column-last\" style=\"--awb-bg-size:cover;\"><div class=\"fusion-column-wrapper fusion-flex-column-wrapper-legacy\"><div class=\"fusion-content-boxes content-boxes columns row fusion-columns-3 fusion-columns-total-3 fusion-content-boxes-1 content-boxes-icon-on-top content-left\" style=\"--awb-hover-accent-color:#002b55;--awb-circle-hover-accent-color:#002b55;\" data-animationOffset=\"top-into-view\"><div style=\"--awb-backgroundcolor:transparent;\" class=\"fusion-column content-box-column content-box-column content-box-column-1 col-lg-4 col-md-4 col-sm-4 fusion-content-box-hover content-box-column-first-in-row\"><div class=\"col content-box-wrapper content-wrapper link-area-link-icon icon-hover-animation-pulsate\" data-animationOffset=\"top-into-view\"><div class=\"heading heading-with-icon icon-left\"><div class=\"icon\"><i style=\"border-color:#333333;border-width:1px;background-color:#002b55;box-sizing:content-box;height:60px;width:60px;line-height:60px;border-radius:50%;font-size:30px;\" aria-hidden=\"true\" class=\"fontawesome-icon fa-map-marker-alt fas circle-yes\"><\/i><\/div><h2 class=\"content-box-heading\" style=\"--h2_typography-font-size:18px;line-height:23px;\">Notre adresse<\/h2><\/div><div class=\"fusion-clearfix\"><\/div><div class=\"content-container\">\n<p style=\"text-align: center;\">rue Tenbosch 19 bo\u00eete 5<br \/>\nB-1000 Bruxelles<br \/>\nBelgique<\/p>\n<\/div><\/div><\/div><div style=\"--awb-backgroundcolor:transparent;\" class=\"fusion-column content-box-column content-box-column content-box-column-2 col-lg-4 col-md-4 col-sm-4 fusion-content-box-hover \"><div class=\"col content-box-wrapper content-wrapper link-area-link-icon icon-hover-animation-pulsate\" data-animationOffset=\"top-into-view\"><div class=\"heading heading-with-icon icon-left\"><div class=\"icon\"><i style=\"border-color:#333333;border-width:1px;background-color:#002b55;box-sizing:content-box;height:60px;width:60px;line-height:60px;border-radius:50%;font-size:30px;\" aria-hidden=\"true\" class=\"fontawesome-icon fa-envelope far circle-yes\"><\/i><\/div><h2 class=\"content-box-heading\" style=\"--h2_typography-font-size:18px;line-height:23px;\">Notre adresse e-mail<\/h2><\/div><div class=\"fusion-clearfix\"><\/div><div class=\"content-container\">\n<p style=\"text-align: center;\"><a href=\"mailto:info@eurolife.be\" target=\"_blank\" rel=\"noopener noreferrer\">info@eurolife.be<\/a><\/p>\n<\/div><\/div><\/div><div style=\"--awb-backgroundcolor:transparent;\" class=\"fusion-column content-box-column content-box-column content-box-column-3 col-lg-4 col-md-4 col-sm-4 fusion-content-box-hover content-box-column-last content-box-column-last-in-row\"><div class=\"col content-box-wrapper content-wrapper link-area-link-icon icon-hover-animation-pulsate\" data-animationOffset=\"top-into-view\"><div class=\"heading heading-with-icon icon-left\"><div class=\"icon\"><i style=\"border-color:#333333;border-width:1px;background-color:#002b55;box-sizing:content-box;height:60px;width:60px;line-height:60px;border-radius:50%;font-size:30px;\" aria-hidden=\"true\" class=\"fontawesome-icon fa-phone fas circle-yes\"><\/i><\/div><h2 class=\"content-box-heading\" style=\"--h2_typography-font-size:18px;line-height:23px;\">Notre num\u00e9ro de t\u00e9l\u00e9phone<\/h2><\/div><div class=\"fusion-clearfix\"><\/div><div class=\"content-container\">\n<p style=\"text-align: center;\">+32 2 374 36 33<\/p>\n<\/div><\/div><\/div><div class=\"fusion-clearfix\"><\/div><\/div><div class=\"fusion-clearfix\"><\/div><\/div><\/div><\/div><\/div><\/p>\n","protected":false},"excerpt":{"rendered":"","protected":false},"author":3,"featured_media":0,"parent":0,"menu_order":0,"comment_status":"closed","ping_status":"closed","template":"","meta":{"footnotes":"","_links_to":"","_links_to_target":""},"class_list":["post-3728","page","type-page","status-publish","hentry"],"yoast_head":"<!-- This site is optimized with the Yoast SEO plugin v27.4 - https:\/\/yoast.com\/product\/yoast-seo-wordpress\/ -->\n<title>Contact - Eurolife | Agence RP \u00e0 Bruxelles, Belgique<\/title>\n<meta name=\"robots\" content=\"index, follow, max-snippet:-1, max-image-preview:large, max-video-preview:-1\" \/>\n<link rel=\"canonical\" href=\"https:\/\/www.eurolife.be\/fr\/contact\/\" \/>\n<meta property=\"og:locale\" content=\"fr_FR\" \/>\n<meta property=\"og:type\" content=\"article\" \/>\n<meta property=\"og:title\" content=\"Contact - Eurolife | Agence RP \u00e0 Bruxelles, Belgique\" \/>\n<meta property=\"og:url\" content=\"https:\/\/www.eurolife.be\/fr\/contact\/\" \/>\n<meta property=\"og:site_name\" content=\"Eurolife | Agence RP \u00e0 Bruxelles, Belgique\" \/>\n<meta property=\"article:publisher\" content=\"https:\/\/www.facebook.com\/EurolifePR\" \/>\n<meta property=\"article:modified_time\" content=\"2021-09-06T16:03:56+00:00\" \/>\n<meta name=\"twitter:card\" content=\"summary_large_image\" \/>\n<meta name=\"twitter:site\" content=\"@Eurolife_PR\" \/>\n<meta name=\"twitter:label1\" content=\"Dur\u00e9e de lecture estim\u00e9e\" \/>\n\t<meta name=\"twitter:data1\" content=\"5 minutes\" \/>\n<script type=\"application\/ld+json\" class=\"yoast-schema-graph\">{\"@context\":\"https:\\\/\\\/schema.org\",\"@graph\":[{\"@type\":\"WebPage\",\"@id\":\"https:\\\/\\\/www.eurolife.be\\\/fr\\\/contact\\\/\",\"url\":\"https:\\\/\\\/www.eurolife.be\\\/fr\\\/contact\\\/\",\"name\":\"Contact - Eurolife | Agence RP \u00e0 Bruxelles, Belgique\",\"isPartOf\":{\"@id\":\"https:\\\/\\\/www.eurolife.be\\\/fr\\\/#website\"},\"datePublished\":\"2020-04-04T16:01:42+00:00\",\"dateModified\":\"2021-09-06T16:03:56+00:00\",\"inLanguage\":\"fr-FR\",\"potentialAction\":[{\"@type\":\"ReadAction\",\"target\":[\"https:\\\/\\\/www.eurolife.be\\\/fr\\\/contact\\\/\"]}]},{\"@type\":\"WebSite\",\"@id\":\"https:\\\/\\\/www.eurolife.be\\\/fr\\\/#website\",\"url\":\"https:\\\/\\\/www.eurolife.be\\\/fr\\\/\",\"name\":\"Eurolife | Agence RP \u00e0 Bruxelles, Belgique\",\"description\":\"Eurolife est une agence RP situ\u00e9e \u00e0 Bruxelles, Belgique\",\"publisher\":{\"@id\":\"https:\\\/\\\/www.eurolife.be\\\/fr\\\/#organization\"},\"potentialAction\":[{\"@type\":\"SearchAction\",\"target\":{\"@type\":\"EntryPoint\",\"urlTemplate\":\"https:\\\/\\\/www.eurolife.be\\\/fr\\\/?s={search_term_string}\"},\"query-input\":{\"@type\":\"PropertyValueSpecification\",\"valueRequired\":true,\"valueName\":\"search_term_string\"}}],\"inLanguage\":\"fr-FR\"},{\"@type\":\"Organization\",\"@id\":\"https:\\\/\\\/www.eurolife.be\\\/fr\\\/#organization\",\"name\":\"Eurolife\",\"url\":\"https:\\\/\\\/www.eurolife.be\\\/fr\\\/\",\"logo\":{\"@type\":\"ImageObject\",\"inLanguage\":\"fr-FR\",\"@id\":\"https:\\\/\\\/www.eurolife.be\\\/fr\\\/#\\\/schema\\\/logo\\\/image\\\/\",\"url\":\"https:\\\/\\\/www.eurolife.be\\\/wp-content\\\/uploads\\\/2017\\\/01\\\/Site-Web-Eurolife-Favicon-pour-Apple-iPad.jpg\",\"contentUrl\":\"https:\\\/\\\/www.eurolife.be\\\/wp-content\\\/uploads\\\/2017\\\/01\\\/Site-Web-Eurolife-Favicon-pour-Apple-iPad.jpg\",\"width\":72,\"height\":64,\"caption\":\"Eurolife\"},\"image\":{\"@id\":\"https:\\\/\\\/www.eurolife.be\\\/fr\\\/#\\\/schema\\\/logo\\\/image\\\/\"},\"sameAs\":[\"https:\\\/\\\/www.facebook.com\\\/EurolifePR\",\"https:\\\/\\\/x.com\\\/Eurolife_PR\",\"https:\\\/\\\/www.linkedin.com\\\/company\\\/eurolife\"]}]}<\/script>\n<!-- \/ Yoast SEO plugin. -->","yoast_head_json":{"title":"Contact - Eurolife | Agence RP \u00e0 Bruxelles, Belgique","robots":{"index":"index","follow":"follow","max-snippet":"max-snippet:-1","max-image-preview":"max-image-preview:large","max-video-preview":"max-video-preview:-1"},"canonical":"https:\/\/www.eurolife.be\/fr\/contact\/","og_locale":"fr_FR","og_type":"article","og_title":"Contact - Eurolife | Agence RP \u00e0 Bruxelles, Belgique","og_url":"https:\/\/www.eurolife.be\/fr\/contact\/","og_site_name":"Eurolife | Agence RP \u00e0 Bruxelles, Belgique","article_publisher":"https:\/\/www.facebook.com\/EurolifePR","article_modified_time":"2021-09-06T16:03:56+00:00","twitter_card":"summary_large_image","twitter_site":"@Eurolife_PR","twitter_misc":{"Dur\u00e9e de lecture estim\u00e9e":"5 minutes"},"schema":{"@context":"https:\/\/schema.org","@graph":[{"@type":"WebPage","@id":"https:\/\/www.eurolife.be\/fr\/contact\/","url":"https:\/\/www.eurolife.be\/fr\/contact\/","name":"Contact - Eurolife | Agence RP \u00e0 Bruxelles, Belgique","isPartOf":{"@id":"https:\/\/www.eurolife.be\/fr\/#website"},"datePublished":"2020-04-04T16:01:42+00:00","dateModified":"2021-09-06T16:03:56+00:00","inLanguage":"fr-FR","potentialAction":[{"@type":"ReadAction","target":["https:\/\/www.eurolife.be\/fr\/contact\/"]}]},{"@type":"WebSite","@id":"https:\/\/www.eurolife.be\/fr\/#website","url":"https:\/\/www.eurolife.be\/fr\/","name":"Eurolife | Agence RP \u00e0 Bruxelles, Belgique","description":"Eurolife est une agence RP situ\u00e9e \u00e0 Bruxelles, Belgique","publisher":{"@id":"https:\/\/www.eurolife.be\/fr\/#organization"},"potentialAction":[{"@type":"SearchAction","target":{"@type":"EntryPoint","urlTemplate":"https:\/\/www.eurolife.be\/fr\/?s={search_term_string}"},"query-input":{"@type":"PropertyValueSpecification","valueRequired":true,"valueName":"search_term_string"}}],"inLanguage":"fr-FR"},{"@type":"Organization","@id":"https:\/\/www.eurolife.be\/fr\/#organization","name":"Eurolife","url":"https:\/\/www.eurolife.be\/fr\/","logo":{"@type":"ImageObject","inLanguage":"fr-FR","@id":"https:\/\/www.eurolife.be\/fr\/#\/schema\/logo\/image\/","url":"https:\/\/www.eurolife.be\/wp-content\/uploads\/2017\/01\/Site-Web-Eurolife-Favicon-pour-Apple-iPad.jpg","contentUrl":"https:\/\/www.eurolife.be\/wp-content\/uploads\/2017\/01\/Site-Web-Eurolife-Favicon-pour-Apple-iPad.jpg","width":72,"height":64,"caption":"Eurolife"},"image":{"@id":"https:\/\/www.eurolife.be\/fr\/#\/schema\/logo\/image\/"},"sameAs":["https:\/\/www.facebook.com\/EurolifePR","https:\/\/x.com\/Eurolife_PR","https:\/\/www.linkedin.com\/company\/eurolife"]}]}},"_links":{"self":[{"href":"https:\/\/www.eurolife.be\/fr\/wp-json\/wp\/v2\/pages\/3728","targetHints":{"allow":["GET"]}}],"collection":[{"href":"https:\/\/www.eurolife.be\/fr\/wp-json\/wp\/v2\/pages"}],"about":[{"href":"https:\/\/www.eurolife.be\/fr\/wp-json\/wp\/v2\/types\/page"}],"author":[{"embeddable":true,"href":"https:\/\/www.eurolife.be\/fr\/wp-json\/wp\/v2\/users\/3"}],"replies":[{"embeddable":true,"href":"https:\/\/www.eurolife.be\/fr\/wp-json\/wp\/v2\/comments?post=3728"}],"version-history":[{"count":0,"href":"https:\/\/www.eurolife.be\/fr\/wp-json\/wp\/v2\/pages\/3728\/revisions"}],"wp:attachment":[{"href":"https:\/\/www.eurolife.be\/fr\/wp-json\/wp\/v2\/media?parent=3728"}],"curies":[{"name":"wp","href":"https:\/\/api.w.org\/{rel}","templated":true}]}}