{"id":3788,"date":"2020-04-05T14:35:54","date_gmt":"2020-04-05T12:35:54","guid":{"rendered":"https:\/\/www.eurolife.be\/relations-publiques\/"},"modified":"2021-09-06T18:04:39","modified_gmt":"2021-09-06T16:04:39","slug":"relations-publiques","status":"publish","type":"page","link":"https:\/\/www.eurolife.be\/fr\/relations-publiques\/","title":{"rendered":"Relations publiques"},"content":{"rendered":"<div class=\"fusion-fullwidth fullwidth-box fusion-builder-row-1 hundred-percent-fullwidth non-hundred-percent-height-scrolling\" style=\"--awb-border-radius-top-left:0px;--awb-border-radius-top-right:0px;--awb-border-radius-bottom-right:0px;--awb-border-radius-bottom-left:0px;--awb-overflow:visible;--awb-flex-wrap:wrap;\" ><div class=\"fusion-builder-row fusion-row\"><div class=\"fusion-layout-column fusion_builder_column fusion-builder-column-0 fusion_builder_column_1_1 1_1 fusion-one-full fusion-column-first fusion-column-last fusion-column-no-min-height fusion-animated\" style=\"--awb-bg-size:cover;--awb-margin-bottom:0px;\" data-animationType=\"fadeInLeft\" data-animationDuration=\"0.3\" data-animationOffset=\"top-into-view\"><div class=\"fusion-column-wrapper fusion-flex-column-wrapper-legacy\"><style type=\"text\/css\">.fusion-portfolio-wrapper#fusion-portfolio-1 .fusion-portfolio-content{  text-align: left; }<\/style><div class=\"fusion-recent-works fusion-portfolio-element fusion-portfolio fusion-portfolio-1 fusion-portfolio-grid fusion-portfolio-paging-pagination fusion-portfolio-four fusion-portfolio-unboxed fusion-portfolio-text fusion-portfolio-rollover\" data-id=\"-rw-1\" data-columns=\"four\"><style type=\"text\/css\">.fusion-portfolio-1 .fusion-portfolio-wrapper .fusion-col-spacing{padding:6px;}<\/style><div class=\"fusion-portfolio-wrapper\" id=\"fusion-portfolio-1\" data-picturesize=\"fixed\" data-pages=\"1\" style=\"margin:-6px;\"><article id=\"portfolio-1-post-3815\" class=\"fusion-portfolio-post fusion-col-spacing post-3815\"><div class=\"fusion-portfolio-content-wrapper\" style=\"border:none;\"><span class=\"vcard rich-snippet-hidden\"><span class=\"fn\"><a href=\"https:\/\/www.eurolife.be\/fr\/author\/renatoj\/\" title=\"Articles par alter ego\" rel=\"author\">alter ego<\/a><\/span><\/span><span class=\"updated rich-snippet-hidden\">2025-02-16T20:25:04+01:00<\/span><div  class=\"fusion-image-wrapper fusion-image-size-fixed\" aria-haspopup=\"true\">\n\t\t\t\t<img decoding=\"async\" width=\"300\" height=\"214\" src=\"https:\/\/www.eurolife.be\/wp-content\/uploads\/2025\/02\/Site-Web-Media-Relations-300x214.jpg\" class=\"attachment-portfolio-three size-portfolio-three wp-post-image\" alt=\"\" \/><div class=\"fusion-rollover\">\n\t<div class=\"fusion-rollover-content\">\n\n\t\t\t\t\t\t\t\t\t\t\t\t\t\t<a class=\"fusion-rollover-link\" href=\"https:\/\/www.eurolife.be\/public-relations\/media-relations\/\">https:\/\/www.eurolife.be\/public-relations\/media-relations\/<\/a>\n\t\t\t\n\t\t\t\t\t\t\t\t\n\t\t\n\t\t\t\t\t\t\t\t\t\t\t\t<h4 class=\"fusion-rollover-title\">\n\t\t\t\t\t<a class=\"fusion-rollover-title-link\" href=\"https:\/\/www.eurolife.be\/public-relations\/media-relations\/\">\n\t\t\t\t\t\tRelations avec les m\u00e9dias\t\t\t\t\t<\/a>\n\t\t\t\t<\/h4>\n\t\t\t\n\t\t\t\t\t\t\t\t\t\t\t\t\t\t\t\n\t\t\n\t\t\t\t\t\t<a class=\"fusion-link-wrapper\" href=\"https:\/\/www.eurolife.be\/public-relations\/media-relations\/\" aria-label=\"Relations avec les m\u00e9dias\"><\/a>\n\t<\/div>\n<\/div>\n<\/div>\n<div class=\"fusion-portfolio-content\"><h2 class=\"entry-title fusion-post-title\"><a href=\"https:\/\/www.eurolife.be\/fr\/relations-publiques\/relations-avec-les-medias\/\">Relations avec les m\u00e9dias<\/a><\/h2><div class=\"fusion-post-content\"><p>Avec l\u2019arriv\u00e9e de l\u2019internet en 1990, puis des premiers sites Web d\u2019information, et plus tard des blogs et m\u00e9dias sociaux,  [...]<\/p><\/div><\/div><\/div><\/article><article id=\"portfolio-1-post-3811\" class=\"fusion-portfolio-post fusion-col-spacing post-3811\"><div class=\"fusion-portfolio-content-wrapper\" style=\"border:none;\"><span class=\"vcard rich-snippet-hidden\"><span class=\"fn\"><a href=\"https:\/\/www.eurolife.be\/fr\/author\/renatoj\/\" title=\"Articles par alter ego\" rel=\"author\">alter ego<\/a><\/span><\/span><span class=\"updated rich-snippet-hidden\">2025-02-16T20:09:31+01:00<\/span><div  class=\"fusion-image-wrapper fusion-image-size-fixed\" aria-haspopup=\"true\">\n\t\t\t\t<img decoding=\"async\" width=\"300\" height=\"214\" src=\"https:\/\/www.eurolife.be\/wp-content\/uploads\/2025\/02\/Site-Web-Employee-Communications-300x214.jpg\" class=\"attachment-portfolio-three size-portfolio-three wp-post-image\" alt=\"\" \/><div class=\"fusion-rollover\">\n\t<div class=\"fusion-rollover-content\">\n\n\t\t\t\t\t\t\t\t\t\t\t\t\t\t<a class=\"fusion-rollover-link\" href=\"https:\/\/www.eurolife.be\/public-relations\/employee-communications\/\">https:\/\/www.eurolife.be\/public-relations\/employee-communications\/<\/a>\n\t\t\t\n\t\t\t\t\t\t\t\t\n\t\t\n\t\t\t\t\t\t\t\t\t\t\t\t<h4 class=\"fusion-rollover-title\">\n\t\t\t\t\t<a class=\"fusion-rollover-title-link\" href=\"https:\/\/www.eurolife.be\/public-relations\/employee-communications\/\">\n\t\t\t\t\t\tCommunication interne\t\t\t\t\t<\/a>\n\t\t\t\t<\/h4>\n\t\t\t\n\t\t\t\t\t\t\t\t\t\t\t\t\t\t\t\n\t\t\n\t\t\t\t\t\t<a class=\"fusion-link-wrapper\" href=\"https:\/\/www.eurolife.be\/public-relations\/employee-communications\/\" aria-label=\"Communication interne\"><\/a>\n\t<\/div>\n<\/div>\n<\/div>\n<div class=\"fusion-portfolio-content\"><h2 class=\"entry-title fusion-post-title\"><a href=\"https:\/\/www.eurolife.be\/fr\/relations-publiques\/communication-interne\/\">Communication interne<\/a><\/h2><div class=\"fusion-post-content\"><p>La communication interne rev\u00eat un enjeu consid\u00e9rable. Elle aide les individus et les groupes \u00e0 coordonner des activit\u00e9s pour atteindre  [...]<\/p><\/div><\/div><\/div><\/article><article id=\"portfolio-1-post-3797\" class=\"fusion-portfolio-post fusion-col-spacing post-3797\"><div class=\"fusion-portfolio-content-wrapper\" style=\"border:none;\"><span class=\"vcard rich-snippet-hidden\"><span class=\"fn\"><a href=\"https:\/\/www.eurolife.be\/fr\/author\/renatoj\/\" title=\"Articles par alter ego\" rel=\"author\">alter ego<\/a><\/span><\/span><span class=\"updated rich-snippet-hidden\">2025-02-16T20:10:53+01:00<\/span><div  class=\"fusion-image-wrapper fusion-image-size-fixed\" aria-haspopup=\"true\">\n\t\t\t\t<img decoding=\"async\" width=\"300\" height=\"214\" src=\"https:\/\/www.eurolife.be\/wp-content\/uploads\/2025\/02\/Site-Web-Customer-Communications-300x214.jpg\" class=\"attachment-portfolio-three size-portfolio-three wp-post-image\" alt=\"\" \/><div class=\"fusion-rollover\">\n\t<div class=\"fusion-rollover-content\">\n\n\t\t\t\t\t\t\t\t\t\t\t\t\t\t<a class=\"fusion-rollover-link\" href=\"https:\/\/www.eurolife.be\/public-relations\/customer-communications\/\">https:\/\/www.eurolife.be\/public-relations\/customer-communications\/<\/a>\n\t\t\t\n\t\t\t\t\t\t\t\t\n\t\t\n\t\t\t\t\t\t\t\t\t\t\t\t<h4 class=\"fusion-rollover-title\">\n\t\t\t\t\t<a class=\"fusion-rollover-title-link\" href=\"https:\/\/www.eurolife.be\/public-relations\/customer-communications\/\">\n\t\t\t\t\t\tCommunication avec les clients\t\t\t\t\t<\/a>\n\t\t\t\t<\/h4>\n\t\t\t\n\t\t\t\t\t\t\t\t\t\t\t\t\t\t\t\n\t\t\n\t\t\t\t\t\t<a class=\"fusion-link-wrapper\" href=\"https:\/\/www.eurolife.be\/public-relations\/customer-communications\/\" aria-label=\"Communication avec les clients\"><\/a>\n\t<\/div>\n<\/div>\n<\/div>\n<div class=\"fusion-portfolio-content\"><h2 class=\"entry-title fusion-post-title\"><a href=\"https:\/\/www.eurolife.be\/fr\/relations-publiques\/communication-avec-les-clients\/\">Communication avec les clients<\/a><\/h2><div class=\"fusion-post-content\"><p> Eurolife fournit ses services dans le cadre strict des relations publiques, ce qui exclut de son champ d\u2019action des  [...]<\/p><\/div><\/div><\/div><\/article><article id=\"portfolio-1-post-3813\" class=\"fusion-portfolio-post fusion-col-spacing post-3813\"><div class=\"fusion-portfolio-content-wrapper\" style=\"border:none;\"><span class=\"vcard rich-snippet-hidden\"><span class=\"fn\"><a href=\"https:\/\/www.eurolife.be\/fr\/author\/renatoj\/\" title=\"Articles par alter ego\" rel=\"author\">alter ego<\/a><\/span><\/span><span class=\"updated rich-snippet-hidden\">2025-02-16T20:11:54+01:00<\/span><div  class=\"fusion-image-wrapper fusion-image-size-fixed\" aria-haspopup=\"true\">\n\t\t\t\t<img decoding=\"async\" width=\"300\" height=\"214\" src=\"https:\/\/www.eurolife.be\/wp-content\/uploads\/2025\/02\/Site-Web-Reputation-Management-300x214.jpg\" class=\"attachment-portfolio-three size-portfolio-three wp-post-image\" alt=\"\" \/><div class=\"fusion-rollover\">\n\t<div class=\"fusion-rollover-content\">\n\n\t\t\t\t\t\t\t\t\t\t\t\t\t\t<a class=\"fusion-rollover-link\" href=\"https:\/\/www.eurolife.be\/public-relations\/reputation-management\/\">https:\/\/www.eurolife.be\/public-relations\/reputation-management\/<\/a>\n\t\t\t\n\t\t\t\t\t\t\t\t\n\t\t\n\t\t\t\t\t\t\t\t\t\t\t\t<h4 class=\"fusion-rollover-title\">\n\t\t\t\t\t<a class=\"fusion-rollover-title-link\" href=\"https:\/\/www.eurolife.be\/public-relations\/reputation-management\/\">\n\t\t\t\t\t\tGestion de la r\u00e9putation\t\t\t\t\t<\/a>\n\t\t\t\t<\/h4>\n\t\t\t\n\t\t\t\t\t\t\t\t\t\t\t\t\t\t\t\n\t\t\n\t\t\t\t\t\t<a class=\"fusion-link-wrapper\" href=\"https:\/\/www.eurolife.be\/public-relations\/reputation-management\/\" aria-label=\"Gestion de la r\u00e9putation\"><\/a>\n\t<\/div>\n<\/div>\n<\/div>\n<div class=\"fusion-portfolio-content\"><h2 class=\"entry-title fusion-post-title\"><a href=\"https:\/\/www.eurolife.be\/fr\/relations-publiques\/gestion-de-la-reputation\/\">Gestion de la r\u00e9putation<\/a><\/h2><div class=\"fusion-post-content\"><p>La gestion de la r\u00e9putation avec en ligne de mire l\u2019obtention et le maintien de la confiance des parties prenantes  [...]<\/p><\/div><\/div><\/div><\/article><\/div><\/div><div class=\"fusion-clearfix\"><\/div><\/div><\/div><\/div><\/div>\n","protected":false},"excerpt":{"rendered":"","protected":false},"author":3,"featured_media":0,"parent":0,"menu_order":0,"comment_status":"closed","ping_status":"closed","template":"","meta":{"footnotes":"","_links_to":"","_links_to_target":""},"class_list":["post-3788","page","type-page","status-publish","hentry"],"yoast_head":"<!-- This site is optimized with the Yoast SEO plugin v27.5 - https:\/\/yoast.com\/product\/yoast-seo-wordpress\/ -->\n<title>Relations publiques - Eurolife | Agence RP \u00e0 Bruxelles, Belgique<\/title>\n<meta name=\"robots\" content=\"index, follow, max-snippet:-1, max-image-preview:large, max-video-preview:-1\" \/>\n<link rel=\"canonical\" href=\"https:\/\/www.eurolife.be\/fr\/relations-publiques\/\" \/>\n<meta property=\"og:locale\" content=\"fr_FR\" \/>\n<meta property=\"og:type\" content=\"article\" \/>\n<meta property=\"og:title\" content=\"Relations publiques - Eurolife | Agence RP \u00e0 Bruxelles, Belgique\" \/>\n<meta property=\"og:url\" content=\"https:\/\/www.eurolife.be\/fr\/relations-publiques\/\" \/>\n<meta property=\"og:site_name\" content=\"Eurolife | Agence RP \u00e0 Bruxelles, Belgique\" \/>\n<meta property=\"article:publisher\" content=\"https:\/\/www.facebook.com\/EurolifePR\" \/>\n<meta property=\"article:modified_time\" content=\"2021-09-06T16:04:39+00:00\" \/>\n<meta name=\"twitter:card\" content=\"summary_large_image\" \/>\n<meta name=\"twitter:site\" content=\"@Eurolife_PR\" \/>\n<meta name=\"twitter:label1\" content=\"Dur\u00e9e de lecture estim\u00e9e\" \/>\n\t<meta name=\"twitter:data1\" content=\"1 minute\" \/>\n<script type=\"application\/ld+json\" class=\"yoast-schema-graph\">{\"@context\":\"https:\\\/\\\/schema.org\",\"@graph\":[{\"@type\":\"WebPage\",\"@id\":\"https:\\\/\\\/www.eurolife.be\\\/fr\\\/relations-publiques\\\/\",\"url\":\"https:\\\/\\\/www.eurolife.be\\\/fr\\\/relations-publiques\\\/\",\"name\":\"Relations publiques - Eurolife | Agence RP \u00e0 Bruxelles, Belgique\",\"isPartOf\":{\"@id\":\"https:\\\/\\\/www.eurolife.be\\\/fr\\\/#website\"},\"datePublished\":\"2020-04-05T12:35:54+00:00\",\"dateModified\":\"2021-09-06T16:04:39+00:00\",\"inLanguage\":\"fr-FR\",\"potentialAction\":[{\"@type\":\"ReadAction\",\"target\":[\"https:\\\/\\\/www.eurolife.be\\\/fr\\\/relations-publiques\\\/\"]}]},{\"@type\":\"WebSite\",\"@id\":\"https:\\\/\\\/www.eurolife.be\\\/fr\\\/#website\",\"url\":\"https:\\\/\\\/www.eurolife.be\\\/fr\\\/\",\"name\":\"Eurolife | Agence RP \u00e0 Bruxelles, Belgique\",\"description\":\"Eurolife est une agence RP situ\u00e9e \u00e0 Bruxelles, Belgique\",\"publisher\":{\"@id\":\"https:\\\/\\\/www.eurolife.be\\\/fr\\\/#organization\"},\"potentialAction\":[{\"@type\":\"SearchAction\",\"target\":{\"@type\":\"EntryPoint\",\"urlTemplate\":\"https:\\\/\\\/www.eurolife.be\\\/fr\\\/?s={search_term_string}\"},\"query-input\":{\"@type\":\"PropertyValueSpecification\",\"valueRequired\":true,\"valueName\":\"search_term_string\"}}],\"inLanguage\":\"fr-FR\"},{\"@type\":\"Organization\",\"@id\":\"https:\\\/\\\/www.eurolife.be\\\/fr\\\/#organization\",\"name\":\"Eurolife\",\"url\":\"https:\\\/\\\/www.eurolife.be\\\/fr\\\/\",\"logo\":{\"@type\":\"ImageObject\",\"inLanguage\":\"fr-FR\",\"@id\":\"https:\\\/\\\/www.eurolife.be\\\/fr\\\/#\\\/schema\\\/logo\\\/image\\\/\",\"url\":\"https:\\\/\\\/www.eurolife.be\\\/wp-content\\\/uploads\\\/2017\\\/01\\\/Site-Web-Eurolife-Favicon-pour-Apple-iPad.jpg\",\"contentUrl\":\"https:\\\/\\\/www.eurolife.be\\\/wp-content\\\/uploads\\\/2017\\\/01\\\/Site-Web-Eurolife-Favicon-pour-Apple-iPad.jpg\",\"width\":72,\"height\":64,\"caption\":\"Eurolife\"},\"image\":{\"@id\":\"https:\\\/\\\/www.eurolife.be\\\/fr\\\/#\\\/schema\\\/logo\\\/image\\\/\"},\"sameAs\":[\"https:\\\/\\\/www.facebook.com\\\/EurolifePR\",\"https:\\\/\\\/x.com\\\/Eurolife_PR\",\"https:\\\/\\\/www.linkedin.com\\\/company\\\/eurolife\"]}]}<\/script>\n<!-- \/ Yoast SEO plugin. -->","yoast_head_json":{"title":"Relations publiques - Eurolife | Agence RP \u00e0 Bruxelles, Belgique","robots":{"index":"index","follow":"follow","max-snippet":"max-snippet:-1","max-image-preview":"max-image-preview:large","max-video-preview":"max-video-preview:-1"},"canonical":"https:\/\/www.eurolife.be\/fr\/relations-publiques\/","og_locale":"fr_FR","og_type":"article","og_title":"Relations publiques - Eurolife | Agence RP \u00e0 Bruxelles, Belgique","og_url":"https:\/\/www.eurolife.be\/fr\/relations-publiques\/","og_site_name":"Eurolife | Agence RP \u00e0 Bruxelles, Belgique","article_publisher":"https:\/\/www.facebook.com\/EurolifePR","article_modified_time":"2021-09-06T16:04:39+00:00","twitter_card":"summary_large_image","twitter_site":"@Eurolife_PR","twitter_misc":{"Dur\u00e9e de lecture estim\u00e9e":"1 minute"},"schema":{"@context":"https:\/\/schema.org","@graph":[{"@type":"WebPage","@id":"https:\/\/www.eurolife.be\/fr\/relations-publiques\/","url":"https:\/\/www.eurolife.be\/fr\/relations-publiques\/","name":"Relations publiques - Eurolife | Agence RP \u00e0 Bruxelles, Belgique","isPartOf":{"@id":"https:\/\/www.eurolife.be\/fr\/#website"},"datePublished":"2020-04-05T12:35:54+00:00","dateModified":"2021-09-06T16:04:39+00:00","inLanguage":"fr-FR","potentialAction":[{"@type":"ReadAction","target":["https:\/\/www.eurolife.be\/fr\/relations-publiques\/"]}]},{"@type":"WebSite","@id":"https:\/\/www.eurolife.be\/fr\/#website","url":"https:\/\/www.eurolife.be\/fr\/","name":"Eurolife | Agence RP \u00e0 Bruxelles, Belgique","description":"Eurolife est une agence RP situ\u00e9e \u00e0 Bruxelles, Belgique","publisher":{"@id":"https:\/\/www.eurolife.be\/fr\/#organization"},"potentialAction":[{"@type":"SearchAction","target":{"@type":"EntryPoint","urlTemplate":"https:\/\/www.eurolife.be\/fr\/?s={search_term_string}"},"query-input":{"@type":"PropertyValueSpecification","valueRequired":true,"valueName":"search_term_string"}}],"inLanguage":"fr-FR"},{"@type":"Organization","@id":"https:\/\/www.eurolife.be\/fr\/#organization","name":"Eurolife","url":"https:\/\/www.eurolife.be\/fr\/","logo":{"@type":"ImageObject","inLanguage":"fr-FR","@id":"https:\/\/www.eurolife.be\/fr\/#\/schema\/logo\/image\/","url":"https:\/\/www.eurolife.be\/wp-content\/uploads\/2017\/01\/Site-Web-Eurolife-Favicon-pour-Apple-iPad.jpg","contentUrl":"https:\/\/www.eurolife.be\/wp-content\/uploads\/2017\/01\/Site-Web-Eurolife-Favicon-pour-Apple-iPad.jpg","width":72,"height":64,"caption":"Eurolife"},"image":{"@id":"https:\/\/www.eurolife.be\/fr\/#\/schema\/logo\/image\/"},"sameAs":["https:\/\/www.facebook.com\/EurolifePR","https:\/\/x.com\/Eurolife_PR","https:\/\/www.linkedin.com\/company\/eurolife"]}]}},"_links":{"self":[{"href":"https:\/\/www.eurolife.be\/fr\/wp-json\/wp\/v2\/pages\/3788","targetHints":{"allow":["GET"]}}],"collection":[{"href":"https:\/\/www.eurolife.be\/fr\/wp-json\/wp\/v2\/pages"}],"about":[{"href":"https:\/\/www.eurolife.be\/fr\/wp-json\/wp\/v2\/types\/page"}],"author":[{"embeddable":true,"href":"https:\/\/www.eurolife.be\/fr\/wp-json\/wp\/v2\/users\/3"}],"replies":[{"embeddable":true,"href":"https:\/\/www.eurolife.be\/fr\/wp-json\/wp\/v2\/comments?post=3788"}],"version-history":[{"count":0,"href":"https:\/\/www.eurolife.be\/fr\/wp-json\/wp\/v2\/pages\/3788\/revisions"}],"wp:attachment":[{"href":"https:\/\/www.eurolife.be\/fr\/wp-json\/wp\/v2\/media?parent=3788"}],"curies":[{"name":"wp","href":"https:\/\/api.w.org\/{rel}","templated":true}]}}