{"id":3794,"date":"2020-04-05T15:03:50","date_gmt":"2020-04-05T13:03:50","guid":{"rendered":"https:\/\/www.eurolife.be\/relations-publiques\/communication-avec-les-clients\/"},"modified":"2025-02-16T18:18:34","modified_gmt":"2025-02-16T17:18:34","slug":"communication-avec-les-clients","status":"publish","type":"page","link":"https:\/\/www.eurolife.be\/fr\/relations-publiques\/communication-avec-les-clients\/","title":{"rendered":"Communication avec les clients"},"content":{"rendered":"<div class=\"fusion-fullwidth fullwidth-box fusion-builder-row-1 nonhundred-percent-fullwidth non-hundred-percent-height-scrolling\" style=\"--awb-border-radius-top-left:0px;--awb-border-radius-top-right:0px;--awb-border-radius-bottom-right:0px;--awb-border-radius-bottom-left:0px;--awb-flex-wrap:wrap;\" ><div class=\"fusion-builder-row fusion-row\"><div class=\"fusion-layout-column fusion_builder_column fusion-builder-column-0 fusion_builder_column_1_1 1_1 fusion-one-full fusion-column-first fusion-column-last fusion-no-medium-visibility fusion-no-large-visibility\" style=\"--awb-bg-size:cover;\"><div class=\"fusion-column-wrapper fusion-column-has-shadow fusion-flex-column-wrapper-legacy\"><div class=\"fusion-title title fusion-title-1 fusion-no-medium-visibility fusion-no-large-visibility fusion-title-text fusion-title-size-two\" style=\"--awb-margin-top-small:0px;--awb-margin-right-small:0px;--awb-margin-bottom-small:20px;--awb-margin-left-small:0px;\"><h2 class=\"fusion-title-heading title-heading-left\" style=\"margin:0;\">Communication avec les clients<\/h2><span class=\"awb-title-spacer\"><\/span><div class=\"title-sep-container\"><div class=\"title-sep sep-double sep-solid\" style=\"border-color:#e0dede;\"><\/div><\/div><\/div><div class=\"fusion-clearfix\"><\/div><\/div><\/div><div class=\"fusion-layout-column fusion_builder_column fusion-builder-column-1 fusion_builder_column_1_1 1_1 fusion-one-full fusion-column-first fusion-column-last\" style=\"--awb-bg-size:cover;\"><div class=\"fusion-column-wrapper fusion-flex-column-wrapper-legacy\"><div class=\"fusion-text fusion-text-1\"><p><a href=\"https:\/\/www.eurolife.be\/wp-content\/uploads\/2025\/02\/Site-Web-Customer-Communications-scaled.jpg\"><img decoding=\"async\" class=\"size-medium wp-image-6566 alignleft\" src=\"https:\/\/www.eurolife.be\/wp-content\/uploads\/2025\/02\/Site-Web-Customer-Communications-300x225.jpg\" alt=\"\" width=\"300\" height=\"225\" srcset=\"https:\/\/www.eurolife.be\/wp-content\/uploads\/2025\/02\/Site-Web-Customer-Communications-200x150.jpg 200w, https:\/\/www.eurolife.be\/wp-content\/uploads\/2025\/02\/Site-Web-Customer-Communications-300x225.jpg 300w, https:\/\/www.eurolife.be\/wp-content\/uploads\/2025\/02\/Site-Web-Customer-Communications-400x300.jpg 400w, https:\/\/www.eurolife.be\/wp-content\/uploads\/2025\/02\/Site-Web-Customer-Communications-600x450.jpg 600w, https:\/\/www.eurolife.be\/wp-content\/uploads\/2025\/02\/Site-Web-Customer-Communications-768x576.jpg 768w, https:\/\/www.eurolife.be\/wp-content\/uploads\/2025\/02\/Site-Web-Customer-Communications-800x600.jpg 800w, https:\/\/www.eurolife.be\/wp-content\/uploads\/2025\/02\/Site-Web-Customer-Communications-1024x768.jpg 1024w, https:\/\/www.eurolife.be\/wp-content\/uploads\/2025\/02\/Site-Web-Customer-Communications-1200x900.jpg 1200w, https:\/\/www.eurolife.be\/wp-content\/uploads\/2025\/02\/Site-Web-Customer-Communications-1536x1152.jpg 1536w\" sizes=\"(max-width: 300px) 100vw, 300px\" \/><\/a>Eurolife fournit ses services dans le cadre strict des relations publiques, ce qui exclut de son champ d\u2019action des outils de communication comme la publicit\u00e9, le parrainage et la promotion des ventes \u00e9galement utilis\u00e9s pour v\u00e9hiculer des messages \u00e0 l\u2019ext\u00e9rieur de l\u2019entreprise.<\/p>\n<p>Ceci \u00e9tant dit, les relations publiques permettent \u00e0 une entreprise de communiquer avec des clients cibl\u00e9s et d\u2019autres parties prenantes comme les prospects via plusieurs canaux nettement diff\u00e9renci\u00e9s tout en faisant montre d\u2019une grande force d\u2019expression. C\u2019est donc un outil de communication de choix pour augmenter la notori\u00e9t\u00e9 et l\u2019image d\u2019une marque ou d\u2019une entreprise, favoriser la fid\u00e9lisation des clients et augmenter les ventes.<\/p>\n<p>L\u2019\u00e9laboration d\u2019une communication avec les clients passe par quatre \u00e9tapes que sont la d\u00e9finition de la cible de communication, la fixation de l\u2019objectif (augmenter la notori\u00e9t\u00e9, modifier l\u2019attitude des clients par rapport \u00e0 un service\u2026), la construction du message (Qui \u00ab dit \u00bb Quoi et Comment), et enfin le choix du canal. Ce choix s\u2019op\u00e8re parmi trois cat\u00e9gories de canaux : <em>canaux papier<\/em> (rapports annuels, lettres d\u2019information, magazines\u2026), <em>canaux num\u00e9riques<\/em> (site Web d\u2019entreprise, m\u00e9dias sociaux\u2026), <em>canaux interpersonnels<\/em> (s\u00e9minaires, discours, \u00e9v\u00e9nements sociaux\u2026).<\/p>\n<\/div><div class=\"fusion-clearfix\"><\/div><\/div><\/div><div class=\"fusion-layout-column fusion_builder_column fusion-builder-column-2 fusion_builder_column_1_1 1_1 fusion-one-full fusion-column-first fusion-column-last\" style=\"--awb-bg-size:cover;--awb-margin-bottom:0px;\"><div class=\"fusion-column-wrapper fusion-flex-column-wrapper-legacy\"><div class=\"fusion-title title fusion-title-2 fusion-title-text fusion-title-size-two\" style=\"--awb-margin-top-small:0px;--awb-margin-right-small:0px;--awb-margin-bottom-small:20px;--awb-margin-left-small:0px;\"><h2 class=\"fusion-title-heading title-heading-left\" style=\"margin:0;\">Services propos\u00e9s par Eurolife<\/h2><span class=\"awb-title-spacer\"><\/span><div class=\"title-sep-container\"><div class=\"title-sep sep-double sep-solid\" style=\"border-color:#e0dede;\"><\/div><\/div><\/div><div class=\"fusion-clearfix\"><\/div><\/div><\/div><div class=\"fusion-layout-column fusion_builder_column fusion-builder-column-3 fusion_builder_column_1_2 1_2 fusion-one-half fusion-column-first\" style=\"--awb-bg-size:cover;width:50%;width:calc(50% - ( ( 4% ) * 0.5 ) );margin-right: 4%;\"><div class=\"fusion-column-wrapper fusion-flex-column-wrapper-legacy\"><ul style=\"--awb-iconcolor:light;--awb-line-height:23.8px;--awb-icon-width:23.8px;--awb-icon-height:23.8px;--awb-icon-margin:9.8px;--awb-content-margin:33.6px;--awb-circlecolor:#1a80b6;--awb-circle-yes-font-size:12.32px;\" class=\"fusion-checklist fusion-checklist-1 fusion-checklist-default type-icons\">\n\n<li class=\"fusion-li-item\" style=\"\"><span class=\"icon-wrapper circle-yes\"><i class=\"fusion-li-icon fa fa-check-square-o\" aria-hidden=\"true\"><\/i><\/span><div class=\"fusion-li-item-content\">La conception de plans de communication, nouveaux ou optimis\u00e9s.<\/div><\/li>\n<li class=\"fusion-li-item\" style=\"\"><span class=\"icon-wrapper circle-yes\"><i class=\"fusion-li-icon fa fa-check-square-o\" aria-hidden=\"true\"><\/i><\/span><div class=\"fusion-li-item-content\">L&rsquo;accompagnement des entreprises dans le d\u00e9veloppement de strat\u00e9gies en mati\u00e8re d\u2019utilisation de m\u00e9dias sociaux.<\/div><\/li>\n<li class=\"fusion-li-item\" style=\"\"><span class=\"icon-wrapper circle-yes\"><i class=\"fusion-li-icon fa fa-check-square-o\" aria-hidden=\"true\"><\/i><\/span><div class=\"fusion-li-item-content\">Creation de sites Web.<\/div><\/li>\n\n<\/ul><div class=\"fusion-clearfix\"><\/div><\/div><\/div><div class=\"fusion-layout-column fusion_builder_column fusion-builder-column-4 fusion_builder_column_1_2 1_2 fusion-one-half fusion-column-last\" style=\"--awb-bg-size:cover;width:50%;width:calc(50% - ( ( 4% ) * 0.5 ) );\"><div class=\"fusion-column-wrapper fusion-flex-column-wrapper-legacy\"><ul style=\"--awb-iconcolor:light;--awb-line-height:23.8px;--awb-icon-width:23.8px;--awb-icon-height:23.8px;--awb-icon-margin:9.8px;--awb-content-margin:33.6px;--awb-circlecolor:#1a80b6;--awb-circle-yes-font-size:12.32px;\" class=\"fusion-checklist fusion-checklist-2 fusion-checklist-default type-icons\">\n\n<li class=\"fusion-li-item\" style=\"\"><span class=\"icon-wrapper circle-yes\"><i class=\"fusion-li-icon fa fa-check-square-o\" aria-hidden=\"true\"><\/i><\/span><div class=\"fusion-li-item-content\">La r\u00e9daction de contenus num\u00e9riques, de discours, de magazines destin\u00e9s aux clients, etc.<\/div><\/li>\n<li class=\"fusion-li-item\" style=\"\"><span class=\"icon-wrapper circle-yes\"><i class=\"fusion-li-icon fa fa-check-square-o\" aria-hidden=\"true\"><\/i><\/span><div class=\"fusion-li-item-content\">L\u2019organisation de s\u00e9minaires, d\u2019\u00e9v\u00e9nements sociaux, etc.<\/div><\/li>\n\n<\/ul><div class=\"fusion-clearfix\"><\/div><\/div><\/div><\/div><\/div>\n","protected":false},"excerpt":{"rendered":"","protected":false},"author":3,"featured_media":0,"parent":3788,"menu_order":0,"comment_status":"closed","ping_status":"closed","template":"","meta":{"footnotes":"","_links_to":"","_links_to_target":""},"class_list":["post-3794","page","type-page","status-publish","hentry"],"yoast_head":"<!-- This site is optimized with the Yoast SEO plugin v27.5 - https:\/\/yoast.com\/product\/yoast-seo-wordpress\/ -->\n<title>Communication avec les clients - Eurolife | Agence RP \u00e0 Bruxelles, Belgique<\/title>\n<meta name=\"robots\" content=\"index, follow, max-snippet:-1, max-image-preview:large, max-video-preview:-1\" \/>\n<link rel=\"canonical\" href=\"https:\/\/www.eurolife.be\/fr\/relations-publiques\/communication-avec-les-clients\/\" \/>\n<meta property=\"og:locale\" content=\"fr_FR\" \/>\n<meta property=\"og:type\" content=\"article\" \/>\n<meta property=\"og:title\" content=\"Communication avec les clients - Eurolife | Agence RP \u00e0 Bruxelles, Belgique\" \/>\n<meta property=\"og:url\" content=\"https:\/\/www.eurolife.be\/fr\/relations-publiques\/communication-avec-les-clients\/\" \/>\n<meta property=\"og:site_name\" content=\"Eurolife | Agence RP \u00e0 Bruxelles, Belgique\" \/>\n<meta property=\"article:publisher\" content=\"https:\/\/www.facebook.com\/EurolifePR\" \/>\n<meta property=\"article:modified_time\" content=\"2025-02-16T17:18:34+00:00\" \/>\n<meta property=\"og:image\" content=\"https:\/\/www.eurolife.be\/wp-content\/uploads\/2025\/02\/Site-Web-Customer-Communications-scaled.jpg\" \/>\n\t<meta property=\"og:image:width\" content=\"2560\" \/>\n\t<meta property=\"og:image:height\" content=\"1920\" \/>\n\t<meta property=\"og:image:type\" content=\"image\/jpeg\" \/>\n<meta name=\"twitter:card\" content=\"summary_large_image\" \/>\n<meta name=\"twitter:site\" content=\"@Eurolife_PR\" \/>\n<meta name=\"twitter:label1\" content=\"Dur\u00e9e de lecture estim\u00e9e\" \/>\n\t<meta name=\"twitter:data1\" content=\"6 minutes\" \/>\n<script type=\"application\/ld+json\" class=\"yoast-schema-graph\">{\"@context\":\"https:\\\/\\\/schema.org\",\"@graph\":[{\"@type\":\"WebPage\",\"@id\":\"https:\\\/\\\/www.eurolife.be\\\/fr\\\/relations-publiques\\\/communication-avec-les-clients\\\/\",\"url\":\"https:\\\/\\\/www.eurolife.be\\\/fr\\\/relations-publiques\\\/communication-avec-les-clients\\\/\",\"name\":\"Communication avec les clients - Eurolife | Agence RP \u00e0 Bruxelles, Belgique\",\"isPartOf\":{\"@id\":\"https:\\\/\\\/www.eurolife.be\\\/fr\\\/#website\"},\"primaryImageOfPage\":{\"@id\":\"https:\\\/\\\/www.eurolife.be\\\/fr\\\/relations-publiques\\\/communication-avec-les-clients\\\/#primaryimage\"},\"image\":{\"@id\":\"https:\\\/\\\/www.eurolife.be\\\/fr\\\/relations-publiques\\\/communication-avec-les-clients\\\/#primaryimage\"},\"thumbnailUrl\":\"https:\\\/\\\/www.eurolife.be\\\/wp-content\\\/uploads\\\/2025\\\/02\\\/Site-Web-Customer-Communications-300x225.jpg\",\"datePublished\":\"2020-04-05T13:03:50+00:00\",\"dateModified\":\"2025-02-16T17:18:34+00:00\",\"breadcrumb\":{\"@id\":\"https:\\\/\\\/www.eurolife.be\\\/fr\\\/relations-publiques\\\/communication-avec-les-clients\\\/#breadcrumb\"},\"inLanguage\":\"fr-FR\",\"potentialAction\":[{\"@type\":\"ReadAction\",\"target\":[\"https:\\\/\\\/www.eurolife.be\\\/fr\\\/relations-publiques\\\/communication-avec-les-clients\\\/\"]}]},{\"@type\":\"ImageObject\",\"inLanguage\":\"fr-FR\",\"@id\":\"https:\\\/\\\/www.eurolife.be\\\/fr\\\/relations-publiques\\\/communication-avec-les-clients\\\/#primaryimage\",\"url\":\"https:\\\/\\\/www.eurolife.be\\\/wp-content\\\/uploads\\\/2025\\\/02\\\/Site-Web-Customer-Communications-300x225.jpg\",\"contentUrl\":\"https:\\\/\\\/www.eurolife.be\\\/wp-content\\\/uploads\\\/2025\\\/02\\\/Site-Web-Customer-Communications-300x225.jpg\"},{\"@type\":\"BreadcrumbList\",\"@id\":\"https:\\\/\\\/www.eurolife.be\\\/fr\\\/relations-publiques\\\/communication-avec-les-clients\\\/#breadcrumb\",\"itemListElement\":[{\"@type\":\"ListItem\",\"position\":1,\"name\":\"Relations publiques\",\"item\":\"https:\\\/\\\/www.eurolife.be\\\/fr\\\/relations-publiques\\\/\"},{\"@type\":\"ListItem\",\"position\":2,\"name\":\"Communication avec les clients\"}]},{\"@type\":\"WebSite\",\"@id\":\"https:\\\/\\\/www.eurolife.be\\\/fr\\\/#website\",\"url\":\"https:\\\/\\\/www.eurolife.be\\\/fr\\\/\",\"name\":\"Eurolife | Agence RP \u00e0 Bruxelles, Belgique\",\"description\":\"Eurolife est une agence RP situ\u00e9e \u00e0 Bruxelles, Belgique\",\"publisher\":{\"@id\":\"https:\\\/\\\/www.eurolife.be\\\/fr\\\/#organization\"},\"potentialAction\":[{\"@type\":\"SearchAction\",\"target\":{\"@type\":\"EntryPoint\",\"urlTemplate\":\"https:\\\/\\\/www.eurolife.be\\\/fr\\\/?s={search_term_string}\"},\"query-input\":{\"@type\":\"PropertyValueSpecification\",\"valueRequired\":true,\"valueName\":\"search_term_string\"}}],\"inLanguage\":\"fr-FR\"},{\"@type\":\"Organization\",\"@id\":\"https:\\\/\\\/www.eurolife.be\\\/fr\\\/#organization\",\"name\":\"Eurolife\",\"url\":\"https:\\\/\\\/www.eurolife.be\\\/fr\\\/\",\"logo\":{\"@type\":\"ImageObject\",\"inLanguage\":\"fr-FR\",\"@id\":\"https:\\\/\\\/www.eurolife.be\\\/fr\\\/#\\\/schema\\\/logo\\\/image\\\/\",\"url\":\"https:\\\/\\\/www.eurolife.be\\\/wp-content\\\/uploads\\\/2017\\\/01\\\/Site-Web-Eurolife-Favicon-pour-Apple-iPad.jpg\",\"contentUrl\":\"https:\\\/\\\/www.eurolife.be\\\/wp-content\\\/uploads\\\/2017\\\/01\\\/Site-Web-Eurolife-Favicon-pour-Apple-iPad.jpg\",\"width\":72,\"height\":64,\"caption\":\"Eurolife\"},\"image\":{\"@id\":\"https:\\\/\\\/www.eurolife.be\\\/fr\\\/#\\\/schema\\\/logo\\\/image\\\/\"},\"sameAs\":[\"https:\\\/\\\/www.facebook.com\\\/EurolifePR\",\"https:\\\/\\\/x.com\\\/Eurolife_PR\",\"https:\\\/\\\/www.linkedin.com\\\/company\\\/eurolife\"]}]}<\/script>\n<!-- \/ Yoast SEO plugin. -->","yoast_head_json":{"title":"Communication avec les clients - Eurolife | Agence RP \u00e0 Bruxelles, Belgique","robots":{"index":"index","follow":"follow","max-snippet":"max-snippet:-1","max-image-preview":"max-image-preview:large","max-video-preview":"max-video-preview:-1"},"canonical":"https:\/\/www.eurolife.be\/fr\/relations-publiques\/communication-avec-les-clients\/","og_locale":"fr_FR","og_type":"article","og_title":"Communication avec les clients - Eurolife | Agence RP \u00e0 Bruxelles, Belgique","og_url":"https:\/\/www.eurolife.be\/fr\/relations-publiques\/communication-avec-les-clients\/","og_site_name":"Eurolife | Agence RP \u00e0 Bruxelles, Belgique","article_publisher":"https:\/\/www.facebook.com\/EurolifePR","article_modified_time":"2025-02-16T17:18:34+00:00","og_image":[{"width":2560,"height":1920,"url":"https:\/\/www.eurolife.be\/wp-content\/uploads\/2025\/02\/Site-Web-Customer-Communications-scaled.jpg","type":"image\/jpeg"}],"twitter_card":"summary_large_image","twitter_site":"@Eurolife_PR","twitter_misc":{"Dur\u00e9e de lecture estim\u00e9e":"6 minutes"},"schema":{"@context":"https:\/\/schema.org","@graph":[{"@type":"WebPage","@id":"https:\/\/www.eurolife.be\/fr\/relations-publiques\/communication-avec-les-clients\/","url":"https:\/\/www.eurolife.be\/fr\/relations-publiques\/communication-avec-les-clients\/","name":"Communication avec les clients - Eurolife | Agence RP \u00e0 Bruxelles, Belgique","isPartOf":{"@id":"https:\/\/www.eurolife.be\/fr\/#website"},"primaryImageOfPage":{"@id":"https:\/\/www.eurolife.be\/fr\/relations-publiques\/communication-avec-les-clients\/#primaryimage"},"image":{"@id":"https:\/\/www.eurolife.be\/fr\/relations-publiques\/communication-avec-les-clients\/#primaryimage"},"thumbnailUrl":"https:\/\/www.eurolife.be\/wp-content\/uploads\/2025\/02\/Site-Web-Customer-Communications-300x225.jpg","datePublished":"2020-04-05T13:03:50+00:00","dateModified":"2025-02-16T17:18:34+00:00","breadcrumb":{"@id":"https:\/\/www.eurolife.be\/fr\/relations-publiques\/communication-avec-les-clients\/#breadcrumb"},"inLanguage":"fr-FR","potentialAction":[{"@type":"ReadAction","target":["https:\/\/www.eurolife.be\/fr\/relations-publiques\/communication-avec-les-clients\/"]}]},{"@type":"ImageObject","inLanguage":"fr-FR","@id":"https:\/\/www.eurolife.be\/fr\/relations-publiques\/communication-avec-les-clients\/#primaryimage","url":"https:\/\/www.eurolife.be\/wp-content\/uploads\/2025\/02\/Site-Web-Customer-Communications-300x225.jpg","contentUrl":"https:\/\/www.eurolife.be\/wp-content\/uploads\/2025\/02\/Site-Web-Customer-Communications-300x225.jpg"},{"@type":"BreadcrumbList","@id":"https:\/\/www.eurolife.be\/fr\/relations-publiques\/communication-avec-les-clients\/#breadcrumb","itemListElement":[{"@type":"ListItem","position":1,"name":"Relations publiques","item":"https:\/\/www.eurolife.be\/fr\/relations-publiques\/"},{"@type":"ListItem","position":2,"name":"Communication avec les clients"}]},{"@type":"WebSite","@id":"https:\/\/www.eurolife.be\/fr\/#website","url":"https:\/\/www.eurolife.be\/fr\/","name":"Eurolife | Agence RP \u00e0 Bruxelles, Belgique","description":"Eurolife est une agence RP situ\u00e9e \u00e0 Bruxelles, Belgique","publisher":{"@id":"https:\/\/www.eurolife.be\/fr\/#organization"},"potentialAction":[{"@type":"SearchAction","target":{"@type":"EntryPoint","urlTemplate":"https:\/\/www.eurolife.be\/fr\/?s={search_term_string}"},"query-input":{"@type":"PropertyValueSpecification","valueRequired":true,"valueName":"search_term_string"}}],"inLanguage":"fr-FR"},{"@type":"Organization","@id":"https:\/\/www.eurolife.be\/fr\/#organization","name":"Eurolife","url":"https:\/\/www.eurolife.be\/fr\/","logo":{"@type":"ImageObject","inLanguage":"fr-FR","@id":"https:\/\/www.eurolife.be\/fr\/#\/schema\/logo\/image\/","url":"https:\/\/www.eurolife.be\/wp-content\/uploads\/2017\/01\/Site-Web-Eurolife-Favicon-pour-Apple-iPad.jpg","contentUrl":"https:\/\/www.eurolife.be\/wp-content\/uploads\/2017\/01\/Site-Web-Eurolife-Favicon-pour-Apple-iPad.jpg","width":72,"height":64,"caption":"Eurolife"},"image":{"@id":"https:\/\/www.eurolife.be\/fr\/#\/schema\/logo\/image\/"},"sameAs":["https:\/\/www.facebook.com\/EurolifePR","https:\/\/x.com\/Eurolife_PR","https:\/\/www.linkedin.com\/company\/eurolife"]}]}},"_links":{"self":[{"href":"https:\/\/www.eurolife.be\/fr\/wp-json\/wp\/v2\/pages\/3794","targetHints":{"allow":["GET"]}}],"collection":[{"href":"https:\/\/www.eurolife.be\/fr\/wp-json\/wp\/v2\/pages"}],"about":[{"href":"https:\/\/www.eurolife.be\/fr\/wp-json\/wp\/v2\/types\/page"}],"author":[{"embeddable":true,"href":"https:\/\/www.eurolife.be\/fr\/wp-json\/wp\/v2\/users\/3"}],"replies":[{"embeddable":true,"href":"https:\/\/www.eurolife.be\/fr\/wp-json\/wp\/v2\/comments?post=3794"}],"version-history":[{"count":0,"href":"https:\/\/www.eurolife.be\/fr\/wp-json\/wp\/v2\/pages\/3794\/revisions"}],"up":[{"embeddable":true,"href":"https:\/\/www.eurolife.be\/fr\/wp-json\/wp\/v2\/pages\/3788"}],"wp:attachment":[{"href":"https:\/\/www.eurolife.be\/fr\/wp-json\/wp\/v2\/media?parent=3794"}],"curies":[{"name":"wp","href":"https:\/\/api.w.org\/{rel}","templated":true}]}}