{"id":3801,"date":"2020-04-05T15:47:21","date_gmt":"2020-04-05T13:47:21","guid":{"rendered":"https:\/\/www.eurolife.be\/relations-publiques\/communication-interne\/"},"modified":"2025-02-16T18:07:59","modified_gmt":"2025-02-16T17:07:59","slug":"communication-interne","status":"publish","type":"page","link":"https:\/\/www.eurolife.be\/fr\/relations-publiques\/communication-interne\/","title":{"rendered":"Communication interne"},"content":{"rendered":"<div class=\"fusion-fullwidth fullwidth-box fusion-builder-row-1 nonhundred-percent-fullwidth non-hundred-percent-height-scrolling\" style=\"--awb-border-radius-top-left:0px;--awb-border-radius-top-right:0px;--awb-border-radius-bottom-right:0px;--awb-border-radius-bottom-left:0px;--awb-flex-wrap:wrap;\" ><div class=\"fusion-builder-row fusion-row\"><div class=\"fusion-layout-column fusion_builder_column fusion-builder-column-0 fusion_builder_column_1_1 1_1 fusion-one-full fusion-column-first fusion-column-last fusion-no-medium-visibility fusion-no-large-visibility\" style=\"--awb-bg-size:cover;\"><div class=\"fusion-column-wrapper fusion-column-has-shadow fusion-flex-column-wrapper-legacy\"><div class=\"fusion-title title fusion-title-1 fusion-no-medium-visibility fusion-no-large-visibility fusion-title-text fusion-title-size-two\" style=\"--awb-margin-top-small:0px;--awb-margin-right-small:0px;--awb-margin-bottom-small:20px;--awb-margin-left-small:0px;\"><h2 class=\"fusion-title-heading title-heading-left\" style=\"margin:0;\">Communication interne<\/h2><span class=\"awb-title-spacer\"><\/span><div class=\"title-sep-container\"><div class=\"title-sep sep-double sep-solid\" style=\"border-color:#e0dede;\"><\/div><\/div><\/div><div class=\"fusion-clearfix\"><\/div><\/div><\/div><div class=\"fusion-layout-column fusion_builder_column fusion-builder-column-1 fusion_builder_column_1_1 1_1 fusion-one-full fusion-column-first fusion-column-last\" style=\"--awb-bg-size:cover;\"><div class=\"fusion-column-wrapper fusion-flex-column-wrapper-legacy\"><div class=\"fusion-text fusion-text-1\"><p><a href=\"https:\/\/www.eurolife.be\/wp-content\/uploads\/2025\/02\/Site-Web-Employee-Communications-scaled.jpg\"><img decoding=\"async\" class=\"alignleft wp-image-6554\" src=\"https:\/\/www.eurolife.be\/wp-content\/uploads\/2025\/02\/Site-Web-Employee-Communications-400x185.jpg\" alt=\"\" width=\"350\" height=\"162\" srcset=\"https:\/\/www.eurolife.be\/wp-content\/uploads\/2025\/02\/Site-Web-Employee-Communications-200x93.jpg 200w, https:\/\/www.eurolife.be\/wp-content\/uploads\/2025\/02\/Site-Web-Employee-Communications-300x139.jpg 300w, https:\/\/www.eurolife.be\/wp-content\/uploads\/2025\/02\/Site-Web-Employee-Communications-400x185.jpg 400w, https:\/\/www.eurolife.be\/wp-content\/uploads\/2025\/02\/Site-Web-Employee-Communications-600x278.jpg 600w, https:\/\/www.eurolife.be\/wp-content\/uploads\/2025\/02\/Site-Web-Employee-Communications-768x356.jpg 768w, https:\/\/www.eurolife.be\/wp-content\/uploads\/2025\/02\/Site-Web-Employee-Communications-800x371.jpg 800w, https:\/\/www.eurolife.be\/wp-content\/uploads\/2025\/02\/Site-Web-Employee-Communications-1024x474.jpg 1024w, https:\/\/www.eurolife.be\/wp-content\/uploads\/2025\/02\/Site-Web-Employee-Communications-1200x556.jpg 1200w, https:\/\/www.eurolife.be\/wp-content\/uploads\/2025\/02\/Site-Web-Employee-Communications-1536x712.jpg 1536w\" sizes=\"(max-width: 350px) 100vw, 350px\" \/><\/a>La communication interne rev\u00eat un enjeu consid\u00e9rable. Elle aide les individus et les groupes \u00e0 coordonner des activit\u00e9s pour atteindre des objectifs, et elle est essentielle au d\u00e9roulement de processus sensibles des entreprises dont ceux de socialisation, de prise de d\u00e9cision, de r\u00e9solution des probl\u00e8mes, et de gestion du changement.<\/p>\n<p>Vu sous l\u2019angle des employ\u00e9s, la communication interne est la voie royale pour obtenir des informations sur les r\u00f4les, les formations, les changements organisationnels, l\u2019environnement de l\u2019entreprise. Mais pas seulement. Elle leur offre la possibilit\u00e9 d\u2019exprimer leurs \u00e9motions, espoirs et ambitions, et contribue au d\u00e9veloppement de leur motivation, confiance et engagement, ce qui a une incidence sur la satisfaction des clients, la performance de l\u2019entreprise et les relations avec les autres parties prenantes externes (par exemple, les investisseurs).<\/p>\n<p>Ici aussi la pression du num\u00e9rique s\u2019est fait sentir comme l\u2019atteste l\u2019apparition des r\u00e9seaux sociaux d\u2019entreprise il y a une petite dizaine d\u2019ann\u00e9es. Ceci dit, le choix d\u2019un r\u00e9seau social d\u2019entreprise doit \u00eatre pens\u00e9 notamment en fonction de sa capacit\u00e9 \u00e0 am\u00e9liorer les pratiques de travail d\u2019une part et en fonction des besoins des collaborateurs d\u2019autre part, mais \u00e9galement en tenant compte de son usage professionnel, \u00e0 savoir la communication, le partage de connaissances, le travail collaboratif, etc.<\/p>\n<p>Quoi qu\u2019il en soit, tous les canaux de communication interne sont log\u00e9s \u00e0 la m\u00eame enseigne et doivent faire sans exception l\u2019objet d\u2019un examen attentif avant de d\u00e9cider de les employer et d\u00e9ployer dans le cadre d\u2019une strat\u00e9gie globale.<\/p>\n<\/div><div class=\"fusion-clearfix\"><\/div><\/div><\/div><div class=\"fusion-layout-column fusion_builder_column fusion-builder-column-2 fusion_builder_column_1_1 1_1 fusion-one-full fusion-column-first fusion-column-last\" style=\"--awb-bg-size:cover;--awb-margin-bottom:0px;\"><div class=\"fusion-column-wrapper fusion-flex-column-wrapper-legacy\"><div class=\"fusion-title title fusion-title-2 fusion-title-text fusion-title-size-two\" style=\"--awb-margin-top-small:0px;--awb-margin-right-small:0px;--awb-margin-bottom-small:20px;--awb-margin-left-small:0px;\"><h2 class=\"fusion-title-heading title-heading-left\" style=\"margin:0;\">Services propos\u00e9s par Eurolife<\/h2><span class=\"awb-title-spacer\"><\/span><div class=\"title-sep-container\"><div class=\"title-sep sep-double sep-solid\" style=\"border-color:#e0dede;\"><\/div><\/div><\/div><div class=\"fusion-clearfix\"><\/div><\/div><\/div><div class=\"fusion-layout-column fusion_builder_column fusion-builder-column-3 fusion_builder_column_1_2 1_2 fusion-one-half fusion-column-first\" style=\"--awb-bg-size:cover;width:50%;width:calc(50% - ( ( 4% ) * 0.5 ) );margin-right: 4%;\"><div class=\"fusion-column-wrapper fusion-flex-column-wrapper-legacy\"><ul style=\"--awb-iconcolor:light;--awb-line-height:23.8px;--awb-icon-width:23.8px;--awb-icon-height:23.8px;--awb-icon-margin:9.8px;--awb-content-margin:33.6px;--awb-circlecolor:#1a80b6;--awb-circle-yes-font-size:12.32px;\" class=\"fusion-checklist fusion-checklist-1 fusion-checklist-default type-icons\">\n\n<li class=\"fusion-li-item\" style=\"\"><span class=\"icon-wrapper circle-yes\"><i class=\"fusion-li-icon fa fa-check-square-o\" aria-hidden=\"true\"><\/i><\/span><div class=\"fusion-li-item-content\">L\u2019\u00e9valuation des <span style=\"color: #088710;\">processus de communication<\/span> existants (cr\u00e9ation des messages, envoi des messages via les canaux s\u00e9lectionn\u00e9s, r\u00e9ception des messages par les destinataires, feed-back pour boucler la boucle), des\u00a0 <span style=\"color: #088710;\">niveaux de communication<\/span> (niveau interpersonnel, au sein de groupes, \u00e0 l\u2019\u00e9chelle de l\u2019organisation), des <span style=\"color: #088710;\">r\u00e9seaux de communication<\/span> (r\u00e9seaux de communication formels et informels ; flux communicationnels descendants, montants, horizontaux et transversaux) et des <span style=\"color: #088710;\">canaux de communication<\/span> (<em>canaux papier<\/em> comme les m\u00e9mos, lettres d\u2019information ; <em>canaux num\u00e9riques<\/em> comme les intranets, les r\u00e9seaux sociaux d\u2019entreprise, les t\u00e9l\u00e9visions ; <em>canaux interpersonnels<\/em> comme les r\u00e9unions, les \u00e9v\u00e9nements d\u2019entreprise).<\/div><\/li>\n\n<\/ul><div class=\"fusion-clearfix\"><\/div><\/div><\/div><div class=\"fusion-layout-column fusion_builder_column fusion-builder-column-4 fusion_builder_column_1_2 1_2 fusion-one-half fusion-column-last\" style=\"--awb-bg-blend:overlay;--awb-bg-size:cover;width:50%;width:calc(50% - ( ( 4% ) * 0.5 ) );\"><div class=\"fusion-column-wrapper fusion-flex-column-wrapper-legacy\"><ul style=\"--awb-iconcolor:light;--awb-line-height:23.8px;--awb-icon-width:23.8px;--awb-icon-height:23.8px;--awb-icon-margin:9.8px;--awb-content-margin:33.6px;--awb-circlecolor:#1a80b6;--awb-circle-yes-font-size:12.32px;\" class=\"fusion-checklist fusion-checklist-2 fusion-checklist-default type-icons\">\n\n<li class=\"fusion-li-item\" style=\"\"><span class=\"icon-wrapper circle-yes\"><i class=\"fusion-li-icon fa fa-check-square-o\" aria-hidden=\"true\"><\/i><\/span><div class=\"fusion-li-item-content\">L\u2019analyse des besoins des diff\u00e9rents personnels : employ\u00e9s, chefs d\u2019\u00e9quipes, managers, membres du comit\u00e9 ex\u00e9cutif, membres du conseil d\u2019administration.<\/div><\/li>\n<li class=\"fusion-li-item\" style=\"\"><span class=\"icon-wrapper circle-yes\"><i class=\"fusion-li-icon fa fa-check-square-o\" aria-hidden=\"true\"><\/i><\/span><div class=\"fusion-li-item-content\">La conception de plans de communication, optimis\u00e9s ou nouveaux.<\/div><\/li>\n<li class=\"fusion-li-item\" style=\"\"><span class=\"icon-wrapper circle-yes\"><i class=\"fusion-li-icon fa fa-check-square-o\" aria-hidden=\"true\"><\/i><\/span><div class=\"fusion-li-item-content\">La r\u00e9daction de contenus num\u00e9riques, de discours, de lettres d\u2019information ; l\u2019organisation d\u2019\u00e9v\u00e9nements d\u2019entreprise, etc.<\/div><\/li>\n\n<\/ul><div class=\"fusion-clearfix\"><\/div><\/div><\/div><\/div><\/div>\n","protected":false},"excerpt":{"rendered":"","protected":false},"author":3,"featured_media":0,"parent":3788,"menu_order":0,"comment_status":"closed","ping_status":"closed","template":"","meta":{"footnotes":"","_links_to":"","_links_to_target":""},"class_list":["post-3801","page","type-page","status-publish","hentry"],"yoast_head":"<!-- This site is optimized with the Yoast SEO plugin v27.4 - https:\/\/yoast.com\/product\/yoast-seo-wordpress\/ -->\n<title>Communication interne - Eurolife | Agence RP \u00e0 Bruxelles, Belgique<\/title>\n<meta name=\"robots\" content=\"index, follow, max-snippet:-1, max-image-preview:large, max-video-preview:-1\" \/>\n<link rel=\"canonical\" href=\"https:\/\/www.eurolife.be\/fr\/relations-publiques\/communication-interne\/\" \/>\n<meta property=\"og:locale\" content=\"fr_FR\" \/>\n<meta property=\"og:type\" content=\"article\" \/>\n<meta property=\"og:title\" content=\"Communication interne - Eurolife | Agence RP \u00e0 Bruxelles, Belgique\" \/>\n<meta property=\"og:url\" content=\"https:\/\/www.eurolife.be\/fr\/relations-publiques\/communication-interne\/\" \/>\n<meta property=\"og:site_name\" content=\"Eurolife | Agence RP \u00e0 Bruxelles, Belgique\" \/>\n<meta property=\"article:publisher\" content=\"https:\/\/www.facebook.com\/EurolifePR\" \/>\n<meta property=\"article:modified_time\" content=\"2025-02-16T17:07:59+00:00\" \/>\n<meta property=\"og:image\" content=\"https:\/\/www.eurolife.be\/wp-content\/uploads\/2025\/02\/Site-Web-Employee-Communications-scaled.jpg\" \/>\n\t<meta property=\"og:image:width\" content=\"2560\" \/>\n\t<meta property=\"og:image:height\" content=\"1186\" \/>\n\t<meta property=\"og:image:type\" content=\"image\/jpeg\" \/>\n<meta name=\"twitter:card\" content=\"summary_large_image\" \/>\n<meta name=\"twitter:site\" content=\"@Eurolife_PR\" \/>\n<meta name=\"twitter:label1\" content=\"Dur\u00e9e de lecture estim\u00e9e\" \/>\n\t<meta name=\"twitter:data1\" content=\"7 minutes\" \/>\n<script type=\"application\/ld+json\" class=\"yoast-schema-graph\">{\"@context\":\"https:\\\/\\\/schema.org\",\"@graph\":[{\"@type\":\"WebPage\",\"@id\":\"https:\\\/\\\/www.eurolife.be\\\/fr\\\/relations-publiques\\\/communication-interne\\\/\",\"url\":\"https:\\\/\\\/www.eurolife.be\\\/fr\\\/relations-publiques\\\/communication-interne\\\/\",\"name\":\"Communication interne - Eurolife | Agence RP \u00e0 Bruxelles, Belgique\",\"isPartOf\":{\"@id\":\"https:\\\/\\\/www.eurolife.be\\\/fr\\\/#website\"},\"primaryImageOfPage\":{\"@id\":\"https:\\\/\\\/www.eurolife.be\\\/fr\\\/relations-publiques\\\/communication-interne\\\/#primaryimage\"},\"image\":{\"@id\":\"https:\\\/\\\/www.eurolife.be\\\/fr\\\/relations-publiques\\\/communication-interne\\\/#primaryimage\"},\"thumbnailUrl\":\"https:\\\/\\\/www.eurolife.be\\\/wp-content\\\/uploads\\\/2025\\\/02\\\/Site-Web-Employee-Communications-400x185.jpg\",\"datePublished\":\"2020-04-05T13:47:21+00:00\",\"dateModified\":\"2025-02-16T17:07:59+00:00\",\"breadcrumb\":{\"@id\":\"https:\\\/\\\/www.eurolife.be\\\/fr\\\/relations-publiques\\\/communication-interne\\\/#breadcrumb\"},\"inLanguage\":\"fr-FR\",\"potentialAction\":[{\"@type\":\"ReadAction\",\"target\":[\"https:\\\/\\\/www.eurolife.be\\\/fr\\\/relations-publiques\\\/communication-interne\\\/\"]}]},{\"@type\":\"ImageObject\",\"inLanguage\":\"fr-FR\",\"@id\":\"https:\\\/\\\/www.eurolife.be\\\/fr\\\/relations-publiques\\\/communication-interne\\\/#primaryimage\",\"url\":\"https:\\\/\\\/www.eurolife.be\\\/wp-content\\\/uploads\\\/2025\\\/02\\\/Site-Web-Employee-Communications-400x185.jpg\",\"contentUrl\":\"https:\\\/\\\/www.eurolife.be\\\/wp-content\\\/uploads\\\/2025\\\/02\\\/Site-Web-Employee-Communications-400x185.jpg\"},{\"@type\":\"BreadcrumbList\",\"@id\":\"https:\\\/\\\/www.eurolife.be\\\/fr\\\/relations-publiques\\\/communication-interne\\\/#breadcrumb\",\"itemListElement\":[{\"@type\":\"ListItem\",\"position\":1,\"name\":\"Relations publiques\",\"item\":\"https:\\\/\\\/www.eurolife.be\\\/fr\\\/relations-publiques\\\/\"},{\"@type\":\"ListItem\",\"position\":2,\"name\":\"Communication interne\"}]},{\"@type\":\"WebSite\",\"@id\":\"https:\\\/\\\/www.eurolife.be\\\/fr\\\/#website\",\"url\":\"https:\\\/\\\/www.eurolife.be\\\/fr\\\/\",\"name\":\"Eurolife | Agence RP \u00e0 Bruxelles, Belgique\",\"description\":\"Eurolife est une agence RP situ\u00e9e \u00e0 Bruxelles, Belgique\",\"publisher\":{\"@id\":\"https:\\\/\\\/www.eurolife.be\\\/fr\\\/#organization\"},\"potentialAction\":[{\"@type\":\"SearchAction\",\"target\":{\"@type\":\"EntryPoint\",\"urlTemplate\":\"https:\\\/\\\/www.eurolife.be\\\/fr\\\/?s={search_term_string}\"},\"query-input\":{\"@type\":\"PropertyValueSpecification\",\"valueRequired\":true,\"valueName\":\"search_term_string\"}}],\"inLanguage\":\"fr-FR\"},{\"@type\":\"Organization\",\"@id\":\"https:\\\/\\\/www.eurolife.be\\\/fr\\\/#organization\",\"name\":\"Eurolife\",\"url\":\"https:\\\/\\\/www.eurolife.be\\\/fr\\\/\",\"logo\":{\"@type\":\"ImageObject\",\"inLanguage\":\"fr-FR\",\"@id\":\"https:\\\/\\\/www.eurolife.be\\\/fr\\\/#\\\/schema\\\/logo\\\/image\\\/\",\"url\":\"https:\\\/\\\/www.eurolife.be\\\/wp-content\\\/uploads\\\/2017\\\/01\\\/Site-Web-Eurolife-Favicon-pour-Apple-iPad.jpg\",\"contentUrl\":\"https:\\\/\\\/www.eurolife.be\\\/wp-content\\\/uploads\\\/2017\\\/01\\\/Site-Web-Eurolife-Favicon-pour-Apple-iPad.jpg\",\"width\":72,\"height\":64,\"caption\":\"Eurolife\"},\"image\":{\"@id\":\"https:\\\/\\\/www.eurolife.be\\\/fr\\\/#\\\/schema\\\/logo\\\/image\\\/\"},\"sameAs\":[\"https:\\\/\\\/www.facebook.com\\\/EurolifePR\",\"https:\\\/\\\/x.com\\\/Eurolife_PR\",\"https:\\\/\\\/www.linkedin.com\\\/company\\\/eurolife\"]}]}<\/script>\n<!-- \/ Yoast SEO plugin. -->","yoast_head_json":{"title":"Communication interne - Eurolife | Agence RP \u00e0 Bruxelles, Belgique","robots":{"index":"index","follow":"follow","max-snippet":"max-snippet:-1","max-image-preview":"max-image-preview:large","max-video-preview":"max-video-preview:-1"},"canonical":"https:\/\/www.eurolife.be\/fr\/relations-publiques\/communication-interne\/","og_locale":"fr_FR","og_type":"article","og_title":"Communication interne - Eurolife | Agence RP \u00e0 Bruxelles, Belgique","og_url":"https:\/\/www.eurolife.be\/fr\/relations-publiques\/communication-interne\/","og_site_name":"Eurolife | Agence RP \u00e0 Bruxelles, Belgique","article_publisher":"https:\/\/www.facebook.com\/EurolifePR","article_modified_time":"2025-02-16T17:07:59+00:00","og_image":[{"width":2560,"height":1186,"url":"https:\/\/www.eurolife.be\/wp-content\/uploads\/2025\/02\/Site-Web-Employee-Communications-scaled.jpg","type":"image\/jpeg"}],"twitter_card":"summary_large_image","twitter_site":"@Eurolife_PR","twitter_misc":{"Dur\u00e9e de lecture estim\u00e9e":"7 minutes"},"schema":{"@context":"https:\/\/schema.org","@graph":[{"@type":"WebPage","@id":"https:\/\/www.eurolife.be\/fr\/relations-publiques\/communication-interne\/","url":"https:\/\/www.eurolife.be\/fr\/relations-publiques\/communication-interne\/","name":"Communication interne - Eurolife | Agence RP \u00e0 Bruxelles, Belgique","isPartOf":{"@id":"https:\/\/www.eurolife.be\/fr\/#website"},"primaryImageOfPage":{"@id":"https:\/\/www.eurolife.be\/fr\/relations-publiques\/communication-interne\/#primaryimage"},"image":{"@id":"https:\/\/www.eurolife.be\/fr\/relations-publiques\/communication-interne\/#primaryimage"},"thumbnailUrl":"https:\/\/www.eurolife.be\/wp-content\/uploads\/2025\/02\/Site-Web-Employee-Communications-400x185.jpg","datePublished":"2020-04-05T13:47:21+00:00","dateModified":"2025-02-16T17:07:59+00:00","breadcrumb":{"@id":"https:\/\/www.eurolife.be\/fr\/relations-publiques\/communication-interne\/#breadcrumb"},"inLanguage":"fr-FR","potentialAction":[{"@type":"ReadAction","target":["https:\/\/www.eurolife.be\/fr\/relations-publiques\/communication-interne\/"]}]},{"@type":"ImageObject","inLanguage":"fr-FR","@id":"https:\/\/www.eurolife.be\/fr\/relations-publiques\/communication-interne\/#primaryimage","url":"https:\/\/www.eurolife.be\/wp-content\/uploads\/2025\/02\/Site-Web-Employee-Communications-400x185.jpg","contentUrl":"https:\/\/www.eurolife.be\/wp-content\/uploads\/2025\/02\/Site-Web-Employee-Communications-400x185.jpg"},{"@type":"BreadcrumbList","@id":"https:\/\/www.eurolife.be\/fr\/relations-publiques\/communication-interne\/#breadcrumb","itemListElement":[{"@type":"ListItem","position":1,"name":"Relations publiques","item":"https:\/\/www.eurolife.be\/fr\/relations-publiques\/"},{"@type":"ListItem","position":2,"name":"Communication interne"}]},{"@type":"WebSite","@id":"https:\/\/www.eurolife.be\/fr\/#website","url":"https:\/\/www.eurolife.be\/fr\/","name":"Eurolife | Agence RP \u00e0 Bruxelles, Belgique","description":"Eurolife est une agence RP situ\u00e9e \u00e0 Bruxelles, Belgique","publisher":{"@id":"https:\/\/www.eurolife.be\/fr\/#organization"},"potentialAction":[{"@type":"SearchAction","target":{"@type":"EntryPoint","urlTemplate":"https:\/\/www.eurolife.be\/fr\/?s={search_term_string}"},"query-input":{"@type":"PropertyValueSpecification","valueRequired":true,"valueName":"search_term_string"}}],"inLanguage":"fr-FR"},{"@type":"Organization","@id":"https:\/\/www.eurolife.be\/fr\/#organization","name":"Eurolife","url":"https:\/\/www.eurolife.be\/fr\/","logo":{"@type":"ImageObject","inLanguage":"fr-FR","@id":"https:\/\/www.eurolife.be\/fr\/#\/schema\/logo\/image\/","url":"https:\/\/www.eurolife.be\/wp-content\/uploads\/2017\/01\/Site-Web-Eurolife-Favicon-pour-Apple-iPad.jpg","contentUrl":"https:\/\/www.eurolife.be\/wp-content\/uploads\/2017\/01\/Site-Web-Eurolife-Favicon-pour-Apple-iPad.jpg","width":72,"height":64,"caption":"Eurolife"},"image":{"@id":"https:\/\/www.eurolife.be\/fr\/#\/schema\/logo\/image\/"},"sameAs":["https:\/\/www.facebook.com\/EurolifePR","https:\/\/x.com\/Eurolife_PR","https:\/\/www.linkedin.com\/company\/eurolife"]}]}},"_links":{"self":[{"href":"https:\/\/www.eurolife.be\/fr\/wp-json\/wp\/v2\/pages\/3801","targetHints":{"allow":["GET"]}}],"collection":[{"href":"https:\/\/www.eurolife.be\/fr\/wp-json\/wp\/v2\/pages"}],"about":[{"href":"https:\/\/www.eurolife.be\/fr\/wp-json\/wp\/v2\/types\/page"}],"author":[{"embeddable":true,"href":"https:\/\/www.eurolife.be\/fr\/wp-json\/wp\/v2\/users\/3"}],"replies":[{"embeddable":true,"href":"https:\/\/www.eurolife.be\/fr\/wp-json\/wp\/v2\/comments?post=3801"}],"version-history":[{"count":0,"href":"https:\/\/www.eurolife.be\/fr\/wp-json\/wp\/v2\/pages\/3801\/revisions"}],"up":[{"embeddable":true,"href":"https:\/\/www.eurolife.be\/fr\/wp-json\/wp\/v2\/pages\/3788"}],"wp:attachment":[{"href":"https:\/\/www.eurolife.be\/fr\/wp-json\/wp\/v2\/media?parent=3801"}],"curies":[{"name":"wp","href":"https:\/\/api.w.org\/{rel}","templated":true}]}}