{"id":3803,"date":"2020-04-05T16:02:26","date_gmt":"2020-04-05T14:02:26","guid":{"rendered":"https:\/\/www.eurolife.be\/relations-publiques\/relations-avec-les-medias\/"},"modified":"2025-02-16T17:56:19","modified_gmt":"2025-02-16T16:56:19","slug":"relations-avec-les-medias","status":"publish","type":"page","link":"https:\/\/www.eurolife.be\/fr\/relations-publiques\/relations-avec-les-medias\/","title":{"rendered":"Relations avec les m\u00e9dias"},"content":{"rendered":"<div class=\"fusion-fullwidth fullwidth-box fusion-builder-row-1 nonhundred-percent-fullwidth non-hundred-percent-height-scrolling\" style=\"--awb-border-radius-top-left:0px;--awb-border-radius-top-right:0px;--awb-border-radius-bottom-right:0px;--awb-border-radius-bottom-left:0px;--awb-flex-wrap:wrap;\" ><div class=\"fusion-builder-row fusion-row\"><div class=\"fusion-layout-column fusion_builder_column fusion-builder-column-0 fusion_builder_column_1_1 1_1 fusion-one-full fusion-column-first fusion-column-last fusion-no-medium-visibility fusion-no-large-visibility\" style=\"--awb-bg-size:cover;\"><div class=\"fusion-column-wrapper fusion-column-has-shadow fusion-flex-column-wrapper-legacy\"><div class=\"fusion-title title fusion-title-1 fusion-no-medium-visibility fusion-no-large-visibility fusion-title-text fusion-title-size-two\" style=\"--awb-margin-top-small:0px;--awb-margin-right-small:0px;--awb-margin-bottom-small:20px;--awb-margin-left-small:0px;\"><h2 class=\"fusion-title-heading title-heading-left\" style=\"margin:0;\">Relations avec les m\u00e9dias<\/h2><span class=\"awb-title-spacer\"><\/span><div class=\"title-sep-container\"><div class=\"title-sep sep-double sep-solid\" style=\"border-color:#e0dede;\"><\/div><\/div><\/div><div class=\"fusion-clearfix\"><\/div><\/div><\/div><div class=\"fusion-layout-column fusion_builder_column fusion-builder-column-1 fusion_builder_column_1_1 1_1 fusion-one-full fusion-column-first fusion-column-last\" style=\"--awb-bg-size:cover;\"><div class=\"fusion-column-wrapper fusion-flex-column-wrapper-legacy\"><div class=\"fusion-text fusion-text-1\"><p><a href=\"https:\/\/www.eurolife.be\/wp-content\/uploads\/2025\/02\/Site-Web-Media-Relations-300x200.jpg\"><img decoding=\"async\" class=\"size-medium wp-image-6544 alignleft\" src=\"https:\/\/www.eurolife.be\/wp-content\/uploads\/2025\/02\/Site-Web-Media-Relations-300x200.jpg\" alt=\"\" width=\"300\" height=\"200\" srcset=\"https:\/\/www.eurolife.be\/wp-content\/uploads\/2025\/02\/Site-Web-Media-Relations-200x133.jpg 200w, https:\/\/www.eurolife.be\/wp-content\/uploads\/2025\/02\/Site-Web-Media-Relations-300x200.jpg 300w, https:\/\/www.eurolife.be\/wp-content\/uploads\/2025\/02\/Site-Web-Media-Relations-400x267.jpg 400w, https:\/\/www.eurolife.be\/wp-content\/uploads\/2025\/02\/Site-Web-Media-Relations-600x400.jpg 600w, https:\/\/www.eurolife.be\/wp-content\/uploads\/2025\/02\/Site-Web-Media-Relations.jpg 724w\" sizes=\"(max-width: 300px) 100vw, 300px\" \/><\/a>Avec l\u2019arriv\u00e9e de l\u2019internet en 1990, puis des premiers sites Web d\u2019information, et plus tard des blogs et m\u00e9dias sociaux, le paysage m\u00e9diatique s\u2019est profond\u00e9ment modifi\u00e9 au tournant du XXIe si\u00e8cle. Depuis, la communication ne passe plus seulement par le biais de la presse imprim\u00e9e, parl\u00e9e et t\u00e9l\u00e9visuelle, tandis que la quantit\u00e9 et la vitesse de circulation des contenus num\u00e9riques ont connu une explosion sans pr\u00e9c\u00e9dent.<\/p>\n<p>Les cons\u00e9quences de cette r\u00e9volution num\u00e9rique, et de la crise financi\u00e8re de 2008, ne se sont pas arr\u00eat\u00e9es l\u00e0. Ainsi, l\u2019attrait pour l\u2019\u00e9cran et l\u2019information consultable gratuitement sur Internet a fait entrer la presse \u00e9crite dans une zone inconfortable. La plupart des titres, dont les ventes avaient chut\u00e9, ont r\u00e9agi en investissant dans du contenu informationnel offert en ligne tout en misant sur des rentr\u00e9es publicitaires tir\u00e9es de la Toile, sans succ\u00e8s. Puis, ici et l\u00e0, des \u00e9quipes des r\u00e9dactions Web et papier ont fusionn\u00e9 pour rationaliser les co\u00fbts, notamment. Et depuis 2010, des quotidiens ont repens\u00e9 leur mod\u00e8le en instaurant des restrictions d\u2019acc\u00e8s \u00e0 la consultation non-payante de leurs contenus en ligne.<\/p>\n<p>Cela dit, des choses continuent de bouger dans le paysage m\u00e9diatique, notamment avec l\u2019apparition de nouvelles tendances qui ont vu le jour ces derni\u00e8res ann\u00e9es dans certains pays, comme le <em>journalisme de donn\u00e9es<\/em>, le <em>journalisme de solutions<\/em>, le<em> journalisme visuel<\/em> et le financement participatif appliqu\u00e9 au journalisme (<em>crowdfunding journalism<\/em>).<\/p>\n<p>Ce petit rappel des faits t\u00e9moigne de l\u2019attention que nous portons \u00e0 la sph\u00e8re m\u00e9diatique. Et nous y sommes d\u2019autant plus attentifs qu\u2019il nous revient de fournir aux journalistes, bloggers, influenceurs des informations de qualit\u00e9 de la mani\u00e8re la plus ad\u00e9quate possible afin d\u2019obtenir la meilleure visibilit\u00e9 \u00ab\u00a0gagn\u00e9e\u00a0\u00bb (<em>earned media<\/em>) pour nos clients.<\/p>\n<\/div><div class=\"fusion-clearfix\"><\/div><\/div><\/div><div class=\"fusion-layout-column fusion_builder_column fusion-builder-column-2 fusion_builder_column_1_1 1_1 fusion-one-full fusion-column-first fusion-column-last\" style=\"--awb-bg-size:cover;--awb-margin-bottom:0px;\"><div class=\"fusion-column-wrapper fusion-flex-column-wrapper-legacy\"><div class=\"fusion-title title fusion-title-2 fusion-title-text fusion-title-size-two\" style=\"--awb-margin-top-small:0px;--awb-margin-right-small:0px;--awb-margin-bottom-small:20px;--awb-margin-left-small:0px;\"><h2 class=\"fusion-title-heading title-heading-left\" style=\"margin:0;\">Services propos\u00e9s par Eurolife<\/h2><span class=\"awb-title-spacer\"><\/span><div class=\"title-sep-container\"><div class=\"title-sep sep-double sep-solid\" style=\"border-color:#e0dede;\"><\/div><\/div><\/div><div class=\"fusion-clearfix\"><\/div><\/div><\/div><div class=\"fusion-layout-column fusion_builder_column fusion-builder-column-3 fusion_builder_column_1_2 1_2 fusion-one-half fusion-column-first\" style=\"--awb-bg-size:cover;width:50%;width:calc(50% - ( ( 4% ) * 0.5 ) );margin-right: 4%;\"><div class=\"fusion-column-wrapper fusion-flex-column-wrapper-legacy\"><ul style=\"--awb-iconcolor:light;--awb-line-height:23.8px;--awb-icon-width:23.8px;--awb-icon-height:23.8px;--awb-icon-margin:9.8px;--awb-content-margin:33.6px;--awb-circlecolor:#1a80b6;--awb-circle-yes-font-size:12.32px;\" class=\"fusion-checklist fusion-checklist-1 fusion-checklist-default type-icons\">\n\n<li class=\"fusion-li-item\" style=\"\"><span class=\"icon-wrapper circle-yes\"><i class=\"fusion-li-icon fa fa-check-square-o\" aria-hidden=\"true\"><\/i><\/span><div class=\"fusion-li-item-content\">Conception et mise en \u0153uvre de plans d\u2019actions pour communiquer les bonnes informations aux diff\u00e9rentes audiences cibl\u00e9es ; et ce par le biais des m\u00e9dias incluant la presse traditionnelle, les m\u00e9dias sociaux et la blogosph\u00e8re.<\/div><\/li>\n<li class=\"fusion-li-item\" style=\"\"><span class=\"icon-wrapper circle-yes\"><i class=\"fusion-li-icon fa fa-check-square-o\" aria-hidden=\"true\"><\/i><\/span><div class=\"fusion-li-item-content\">R\u00e9daction et envoi de pitchs, communiqu\u00e9s de presse, t\u00e9moignages de clients, etc., accompagn\u00e9s au non de photographies, de vid\u00e9os, de supports infographiques, etc.<\/div><\/li>\n\n<\/ul><div class=\"fusion-clearfix\"><\/div><\/div><\/div><div class=\"fusion-layout-column fusion_builder_column fusion-builder-column-4 fusion_builder_column_1_2 1_2 fusion-one-half fusion-column-last\" style=\"--awb-bg-size:cover;width:50%;width:calc(50% - ( ( 4% ) * 0.5 ) );\"><div class=\"fusion-column-wrapper fusion-flex-column-wrapper-legacy\"><ul style=\"--awb-iconcolor:light;--awb-line-height:23.8px;--awb-icon-width:23.8px;--awb-icon-height:23.8px;--awb-icon-margin:9.8px;--awb-content-margin:33.6px;--awb-circlecolor:#1a80b6;--awb-circle-yes-font-size:12.32px;\" class=\"fusion-checklist fusion-checklist-2 fusion-checklist-default type-icons\">\n\n<li class=\"fusion-li-item\" style=\"\"><span class=\"icon-wrapper circle-yes\"><i class=\"fusion-li-icon fa fa-check-square-o\" aria-hidden=\"true\"><\/i><\/span><div class=\"fusion-li-item-content\">Organisation d\u2019interviews en t\u00eate-\u00e0-t\u00eate ou t\u00e9l\u00e9phoniques, de d\u00e9jeuners de presse, de conf\u00e9rences de presse, de voyages de presse, etc.<\/div><\/li>\n<li class=\"fusion-li-item\" style=\"\"><span class=\"icon-wrapper circle-yes\"><i class=\"fusion-li-icon fa fa-check-square-o\" aria-hidden=\"true\"><\/i><\/span><div class=\"fusion-li-item-content\">Organisation de sessions de m\u00e9dias training.<\/div><\/li>\n<li class=\"fusion-li-item\" style=\"\"><span class=\"icon-wrapper circle-yes\"><i class=\"fusion-li-icon fa fa-check-square-o\" aria-hidden=\"true\"><\/i><\/span><div class=\"fusion-li-item-content\">Collecte et analyse des couvertures m\u00e9diatiques.<\/div><\/li>\n\n<\/ul><div class=\"fusion-clearfix\"><\/div><\/div><\/div><\/div><\/div>\n","protected":false},"excerpt":{"rendered":"","protected":false},"author":3,"featured_media":0,"parent":3788,"menu_order":0,"comment_status":"closed","ping_status":"closed","template":"","meta":{"footnotes":"","_links_to":"","_links_to_target":""},"class_list":["post-3803","page","type-page","status-publish","hentry"],"yoast_head":"<!-- This site is optimized with the Yoast SEO plugin v27.4 - https:\/\/yoast.com\/product\/yoast-seo-wordpress\/ -->\n<title>Relations avec les m\u00e9dias - Eurolife | Agence RP \u00e0 Bruxelles, Belgique<\/title>\n<meta name=\"robots\" content=\"index, follow, max-snippet:-1, max-image-preview:large, max-video-preview:-1\" \/>\n<link rel=\"canonical\" href=\"https:\/\/www.eurolife.be\/fr\/relations-publiques\/relations-avec-les-medias\/\" \/>\n<meta property=\"og:locale\" content=\"fr_FR\" \/>\n<meta property=\"og:type\" content=\"article\" \/>\n<meta property=\"og:title\" content=\"Relations avec les m\u00e9dias - Eurolife | Agence RP \u00e0 Bruxelles, Belgique\" \/>\n<meta property=\"og:url\" content=\"https:\/\/www.eurolife.be\/fr\/relations-publiques\/relations-avec-les-medias\/\" \/>\n<meta property=\"og:site_name\" content=\"Eurolife | Agence RP \u00e0 Bruxelles, Belgique\" \/>\n<meta property=\"article:publisher\" content=\"https:\/\/www.facebook.com\/EurolifePR\" \/>\n<meta property=\"article:modified_time\" content=\"2025-02-16T16:56:19+00:00\" \/>\n<meta property=\"og:image\" content=\"https:\/\/www.eurolife.be\/wp-content\/uploads\/2025\/02\/Site-Web-Media-Relations.jpg\" \/>\n\t<meta property=\"og:image:width\" content=\"724\" \/>\n\t<meta property=\"og:image:height\" content=\"483\" \/>\n\t<meta property=\"og:image:type\" content=\"image\/jpeg\" \/>\n<meta name=\"twitter:card\" content=\"summary_large_image\" \/>\n<meta name=\"twitter:site\" content=\"@Eurolife_PR\" \/>\n<meta name=\"twitter:label1\" content=\"Dur\u00e9e de lecture estim\u00e9e\" \/>\n\t<meta name=\"twitter:data1\" content=\"7 minutes\" \/>\n<script type=\"application\/ld+json\" class=\"yoast-schema-graph\">{\"@context\":\"https:\\\/\\\/schema.org\",\"@graph\":[{\"@type\":\"WebPage\",\"@id\":\"https:\\\/\\\/www.eurolife.be\\\/fr\\\/relations-publiques\\\/relations-avec-les-medias\\\/\",\"url\":\"https:\\\/\\\/www.eurolife.be\\\/fr\\\/relations-publiques\\\/relations-avec-les-medias\\\/\",\"name\":\"Relations avec les m\u00e9dias - Eurolife | Agence RP \u00e0 Bruxelles, Belgique\",\"isPartOf\":{\"@id\":\"https:\\\/\\\/www.eurolife.be\\\/fr\\\/#website\"},\"primaryImageOfPage\":{\"@id\":\"https:\\\/\\\/www.eurolife.be\\\/fr\\\/relations-publiques\\\/relations-avec-les-medias\\\/#primaryimage\"},\"image\":{\"@id\":\"https:\\\/\\\/www.eurolife.be\\\/fr\\\/relations-publiques\\\/relations-avec-les-medias\\\/#primaryimage\"},\"thumbnailUrl\":\"https:\\\/\\\/www.eurolife.be\\\/wp-content\\\/uploads\\\/2025\\\/02\\\/Site-Web-Media-Relations-300x200.jpg\",\"datePublished\":\"2020-04-05T14:02:26+00:00\",\"dateModified\":\"2025-02-16T16:56:19+00:00\",\"breadcrumb\":{\"@id\":\"https:\\\/\\\/www.eurolife.be\\\/fr\\\/relations-publiques\\\/relations-avec-les-medias\\\/#breadcrumb\"},\"inLanguage\":\"fr-FR\",\"potentialAction\":[{\"@type\":\"ReadAction\",\"target\":[\"https:\\\/\\\/www.eurolife.be\\\/fr\\\/relations-publiques\\\/relations-avec-les-medias\\\/\"]}]},{\"@type\":\"ImageObject\",\"inLanguage\":\"fr-FR\",\"@id\":\"https:\\\/\\\/www.eurolife.be\\\/fr\\\/relations-publiques\\\/relations-avec-les-medias\\\/#primaryimage\",\"url\":\"https:\\\/\\\/www.eurolife.be\\\/wp-content\\\/uploads\\\/2025\\\/02\\\/Site-Web-Media-Relations-300x200.jpg\",\"contentUrl\":\"https:\\\/\\\/www.eurolife.be\\\/wp-content\\\/uploads\\\/2025\\\/02\\\/Site-Web-Media-Relations-300x200.jpg\"},{\"@type\":\"BreadcrumbList\",\"@id\":\"https:\\\/\\\/www.eurolife.be\\\/fr\\\/relations-publiques\\\/relations-avec-les-medias\\\/#breadcrumb\",\"itemListElement\":[{\"@type\":\"ListItem\",\"position\":1,\"name\":\"Relations publiques\",\"item\":\"https:\\\/\\\/www.eurolife.be\\\/fr\\\/relations-publiques\\\/\"},{\"@type\":\"ListItem\",\"position\":2,\"name\":\"Relations avec les m\u00e9dias\"}]},{\"@type\":\"WebSite\",\"@id\":\"https:\\\/\\\/www.eurolife.be\\\/fr\\\/#website\",\"url\":\"https:\\\/\\\/www.eurolife.be\\\/fr\\\/\",\"name\":\"Eurolife | Agence RP \u00e0 Bruxelles, Belgique\",\"description\":\"Eurolife est une agence RP situ\u00e9e \u00e0 Bruxelles, Belgique\",\"publisher\":{\"@id\":\"https:\\\/\\\/www.eurolife.be\\\/fr\\\/#organization\"},\"potentialAction\":[{\"@type\":\"SearchAction\",\"target\":{\"@type\":\"EntryPoint\",\"urlTemplate\":\"https:\\\/\\\/www.eurolife.be\\\/fr\\\/?s={search_term_string}\"},\"query-input\":{\"@type\":\"PropertyValueSpecification\",\"valueRequired\":true,\"valueName\":\"search_term_string\"}}],\"inLanguage\":\"fr-FR\"},{\"@type\":\"Organization\",\"@id\":\"https:\\\/\\\/www.eurolife.be\\\/fr\\\/#organization\",\"name\":\"Eurolife\",\"url\":\"https:\\\/\\\/www.eurolife.be\\\/fr\\\/\",\"logo\":{\"@type\":\"ImageObject\",\"inLanguage\":\"fr-FR\",\"@id\":\"https:\\\/\\\/www.eurolife.be\\\/fr\\\/#\\\/schema\\\/logo\\\/image\\\/\",\"url\":\"https:\\\/\\\/www.eurolife.be\\\/wp-content\\\/uploads\\\/2017\\\/01\\\/Site-Web-Eurolife-Favicon-pour-Apple-iPad.jpg\",\"contentUrl\":\"https:\\\/\\\/www.eurolife.be\\\/wp-content\\\/uploads\\\/2017\\\/01\\\/Site-Web-Eurolife-Favicon-pour-Apple-iPad.jpg\",\"width\":72,\"height\":64,\"caption\":\"Eurolife\"},\"image\":{\"@id\":\"https:\\\/\\\/www.eurolife.be\\\/fr\\\/#\\\/schema\\\/logo\\\/image\\\/\"},\"sameAs\":[\"https:\\\/\\\/www.facebook.com\\\/EurolifePR\",\"https:\\\/\\\/x.com\\\/Eurolife_PR\",\"https:\\\/\\\/www.linkedin.com\\\/company\\\/eurolife\"]}]}<\/script>\n<!-- \/ Yoast SEO plugin. -->","yoast_head_json":{"title":"Relations avec les m\u00e9dias - Eurolife | Agence RP \u00e0 Bruxelles, Belgique","robots":{"index":"index","follow":"follow","max-snippet":"max-snippet:-1","max-image-preview":"max-image-preview:large","max-video-preview":"max-video-preview:-1"},"canonical":"https:\/\/www.eurolife.be\/fr\/relations-publiques\/relations-avec-les-medias\/","og_locale":"fr_FR","og_type":"article","og_title":"Relations avec les m\u00e9dias - Eurolife | Agence RP \u00e0 Bruxelles, Belgique","og_url":"https:\/\/www.eurolife.be\/fr\/relations-publiques\/relations-avec-les-medias\/","og_site_name":"Eurolife | Agence RP \u00e0 Bruxelles, Belgique","article_publisher":"https:\/\/www.facebook.com\/EurolifePR","article_modified_time":"2025-02-16T16:56:19+00:00","og_image":[{"width":724,"height":483,"url":"https:\/\/www.eurolife.be\/wp-content\/uploads\/2025\/02\/Site-Web-Media-Relations.jpg","type":"image\/jpeg"}],"twitter_card":"summary_large_image","twitter_site":"@Eurolife_PR","twitter_misc":{"Dur\u00e9e de lecture estim\u00e9e":"7 minutes"},"schema":{"@context":"https:\/\/schema.org","@graph":[{"@type":"WebPage","@id":"https:\/\/www.eurolife.be\/fr\/relations-publiques\/relations-avec-les-medias\/","url":"https:\/\/www.eurolife.be\/fr\/relations-publiques\/relations-avec-les-medias\/","name":"Relations avec les m\u00e9dias - Eurolife | Agence RP \u00e0 Bruxelles, Belgique","isPartOf":{"@id":"https:\/\/www.eurolife.be\/fr\/#website"},"primaryImageOfPage":{"@id":"https:\/\/www.eurolife.be\/fr\/relations-publiques\/relations-avec-les-medias\/#primaryimage"},"image":{"@id":"https:\/\/www.eurolife.be\/fr\/relations-publiques\/relations-avec-les-medias\/#primaryimage"},"thumbnailUrl":"https:\/\/www.eurolife.be\/wp-content\/uploads\/2025\/02\/Site-Web-Media-Relations-300x200.jpg","datePublished":"2020-04-05T14:02:26+00:00","dateModified":"2025-02-16T16:56:19+00:00","breadcrumb":{"@id":"https:\/\/www.eurolife.be\/fr\/relations-publiques\/relations-avec-les-medias\/#breadcrumb"},"inLanguage":"fr-FR","potentialAction":[{"@type":"ReadAction","target":["https:\/\/www.eurolife.be\/fr\/relations-publiques\/relations-avec-les-medias\/"]}]},{"@type":"ImageObject","inLanguage":"fr-FR","@id":"https:\/\/www.eurolife.be\/fr\/relations-publiques\/relations-avec-les-medias\/#primaryimage","url":"https:\/\/www.eurolife.be\/wp-content\/uploads\/2025\/02\/Site-Web-Media-Relations-300x200.jpg","contentUrl":"https:\/\/www.eurolife.be\/wp-content\/uploads\/2025\/02\/Site-Web-Media-Relations-300x200.jpg"},{"@type":"BreadcrumbList","@id":"https:\/\/www.eurolife.be\/fr\/relations-publiques\/relations-avec-les-medias\/#breadcrumb","itemListElement":[{"@type":"ListItem","position":1,"name":"Relations publiques","item":"https:\/\/www.eurolife.be\/fr\/relations-publiques\/"},{"@type":"ListItem","position":2,"name":"Relations avec les m\u00e9dias"}]},{"@type":"WebSite","@id":"https:\/\/www.eurolife.be\/fr\/#website","url":"https:\/\/www.eurolife.be\/fr\/","name":"Eurolife | Agence RP \u00e0 Bruxelles, Belgique","description":"Eurolife est une agence RP situ\u00e9e \u00e0 Bruxelles, Belgique","publisher":{"@id":"https:\/\/www.eurolife.be\/fr\/#organization"},"potentialAction":[{"@type":"SearchAction","target":{"@type":"EntryPoint","urlTemplate":"https:\/\/www.eurolife.be\/fr\/?s={search_term_string}"},"query-input":{"@type":"PropertyValueSpecification","valueRequired":true,"valueName":"search_term_string"}}],"inLanguage":"fr-FR"},{"@type":"Organization","@id":"https:\/\/www.eurolife.be\/fr\/#organization","name":"Eurolife","url":"https:\/\/www.eurolife.be\/fr\/","logo":{"@type":"ImageObject","inLanguage":"fr-FR","@id":"https:\/\/www.eurolife.be\/fr\/#\/schema\/logo\/image\/","url":"https:\/\/www.eurolife.be\/wp-content\/uploads\/2017\/01\/Site-Web-Eurolife-Favicon-pour-Apple-iPad.jpg","contentUrl":"https:\/\/www.eurolife.be\/wp-content\/uploads\/2017\/01\/Site-Web-Eurolife-Favicon-pour-Apple-iPad.jpg","width":72,"height":64,"caption":"Eurolife"},"image":{"@id":"https:\/\/www.eurolife.be\/fr\/#\/schema\/logo\/image\/"},"sameAs":["https:\/\/www.facebook.com\/EurolifePR","https:\/\/x.com\/Eurolife_PR","https:\/\/www.linkedin.com\/company\/eurolife"]}]}},"_links":{"self":[{"href":"https:\/\/www.eurolife.be\/fr\/wp-json\/wp\/v2\/pages\/3803","targetHints":{"allow":["GET"]}}],"collection":[{"href":"https:\/\/www.eurolife.be\/fr\/wp-json\/wp\/v2\/pages"}],"about":[{"href":"https:\/\/www.eurolife.be\/fr\/wp-json\/wp\/v2\/types\/page"}],"author":[{"embeddable":true,"href":"https:\/\/www.eurolife.be\/fr\/wp-json\/wp\/v2\/users\/3"}],"replies":[{"embeddable":true,"href":"https:\/\/www.eurolife.be\/fr\/wp-json\/wp\/v2\/comments?post=3803"}],"version-history":[{"count":0,"href":"https:\/\/www.eurolife.be\/fr\/wp-json\/wp\/v2\/pages\/3803\/revisions"}],"up":[{"embeddable":true,"href":"https:\/\/www.eurolife.be\/fr\/wp-json\/wp\/v2\/pages\/3788"}],"wp:attachment":[{"href":"https:\/\/www.eurolife.be\/fr\/wp-json\/wp\/v2\/media?parent=3803"}],"curies":[{"name":"wp","href":"https:\/\/api.w.org\/{rel}","templated":true}]}}