{"id":3826,"date":"2020-04-05T17:40:53","date_gmt":"2020-04-05T15:40:53","guid":{"rendered":"https:\/\/www.eurolife.be\/relations-publiques\/gestion-de-la-reputation\/licence-sociale-d-operer\/"},"modified":"2025-02-16T18:55:22","modified_gmt":"2025-02-16T17:55:22","slug":"licence-sociale-d-operer","status":"publish","type":"page","link":"https:\/\/www.eurolife.be\/fr\/relations-publiques\/gestion-de-la-reputation\/licence-sociale-d-operer\/","title":{"rendered":"Licence Sociale d\u2019Op\u00e9rer"},"content":{"rendered":"<div class=\"fusion-fullwidth fullwidth-box fusion-builder-row-1 hundred-percent-fullwidth non-hundred-percent-height-scrolling\" style=\"--awb-border-radius-top-left:0px;--awb-border-radius-top-right:0px;--awb-border-radius-bottom-right:0px;--awb-border-radius-bottom-left:0px;--awb-overflow:visible;--awb-flex-wrap:wrap;\" ><div class=\"fusion-builder-row fusion-row\"><div class=\"fusion-layout-column fusion_builder_column fusion-builder-column-0 fusion_builder_column_1_1 1_1 fusion-one-full fusion-column-first fusion-column-last fusion-column-no-min-height\" style=\"--awb-bg-size:cover;--awb-margin-bottom:0px;\"><div class=\"fusion-column-wrapper fusion-flex-column-wrapper-legacy\"><div class=\"fusion-title title fusion-title-1 fusion-no-small-visibility fusion-title-text fusion-title-size-two\" style=\"--awb-margin-top-small:0px;--awb-margin-right-small:0px;--awb-margin-bottom-small:20px;--awb-margin-left-small:0px;\"><h2 class=\"fusion-title-heading title-heading-left\" style=\"margin:0;\">Nous aidons les entreprises \u00e0 communiquer dans le cadre de l\u2019obtention d\u2019une LSO<\/h2><span class=\"awb-title-spacer\"><\/span><div class=\"title-sep-container\"><div class=\"title-sep sep-double sep-solid\" style=\"border-color:#e0dede;\"><\/div><\/div><\/div><div class=\"fusion-title title fusion-title-2 fusion-no-medium-visibility fusion-no-large-visibility fusion-title-text fusion-title-size-two\" style=\"--awb-margin-top-small:0px;--awb-margin-right-small:0px;--awb-margin-bottom-small:20px;--awb-margin-left-small:0px;\"><h2 class=\"fusion-title-heading title-heading-left\" style=\"margin:0;\">Licence Sociale d\u2019Op\u00e9rer<\/h2><span class=\"awb-title-spacer\"><\/span><div class=\"title-sep-container\"><div class=\"title-sep sep-double sep-solid\" style=\"border-color:#e0dede;\"><\/div><\/div><\/div><div class=\"fusion-text fusion-text-1\"><p><a href=\"https:\/\/www.eurolife.be\/wp-content\/uploads\/2025\/02\/Site-Web-SLO-scaled.jpg\"><img decoding=\"async\" class=\"size-medium wp-image-6600 alignright\" src=\"https:\/\/www.eurolife.be\/wp-content\/uploads\/2025\/02\/Site-Web-SLO-300x182.jpg\" alt=\"\" width=\"300\" height=\"182\" srcset=\"https:\/\/www.eurolife.be\/wp-content\/uploads\/2025\/02\/Site-Web-SLO-200x121.jpg 200w, https:\/\/www.eurolife.be\/wp-content\/uploads\/2025\/02\/Site-Web-SLO-300x182.jpg 300w, https:\/\/www.eurolife.be\/wp-content\/uploads\/2025\/02\/Site-Web-SLO-400x242.jpg 400w, https:\/\/www.eurolife.be\/wp-content\/uploads\/2025\/02\/Site-Web-SLO-600x363.jpg 600w, https:\/\/www.eurolife.be\/wp-content\/uploads\/2025\/02\/Site-Web-SLO-768x465.jpg 768w, https:\/\/www.eurolife.be\/wp-content\/uploads\/2025\/02\/Site-Web-SLO-800x484.jpg 800w, https:\/\/www.eurolife.be\/wp-content\/uploads\/2025\/02\/Site-Web-SLO-1024x620.jpg 1024w, https:\/\/www.eurolife.be\/wp-content\/uploads\/2025\/02\/Site-Web-SLO-1200x726.jpg 1200w, https:\/\/www.eurolife.be\/wp-content\/uploads\/2025\/02\/Site-Web-SLO-1536x930.jpg 1536w\" sizes=\"(max-width: 300px) 100vw, 300px\" \/><\/a>Le mod\u00e8le LSO a \u00e9t\u00e9 formalis\u00e9 en 2011. Il permet de mesurer le niveau d\u2019acceptation d\u2019un projet, d\u2019une activit\u00e9 d\u2019une entreprise par les communaut\u00e9s locales. Quatre niveaux d\u2019acceptation doivent \u00eatre franchis pour qu\u2019elles <em>autorisent<\/em> l\u2019entreprise \u00e0 agir ; ces niveaux allant de la l\u00e9gitimit\u00e9 \u00e9conomique \u00e0 la confiance en l\u2019entreprise en passant par la l\u00e9gitimit\u00e9 sociopolitique et la confiance interpersonnelle.<\/p>\n<p>\u00c0 l\u2019origine, le mod\u00e8le \u00e9tait exclusivement d\u2019application dans l\u2019industrie mini\u00e8re. Mais, depuis, il en est sorti pour trouver ses marques dans d\u2019autres secteurs o\u00f9 des projets ou activit\u00e9s d\u2019entreprise sont \u00e9galement susceptibles de faire d\u00e9bat.<\/p>\n<p>Cette \u00e9volution s&rsquo;explique facilement, car l&rsquo;obtention d&rsquo;un SLO est essentielle pour r\u00e9duire le risque de critique publique, de conflit social et, en g\u00e9n\u00e9ral, d&rsquo;atteinte \u00e0 l&rsquo;int\u00e9grit\u00e9, \u00e0 la sant\u00e9 financi\u00e8re et \u00e0 la r\u00e9putation d&rsquo;une entreprise.<\/p>\n<\/div><div class=\"fusion-clearfix\"><\/div><\/div><\/div><\/div><\/div>\n","protected":false},"excerpt":{"rendered":"","protected":false},"author":3,"featured_media":0,"parent":3807,"menu_order":0,"comment_status":"closed","ping_status":"closed","template":"","meta":{"footnotes":"","_links_to":"","_links_to_target":""},"class_list":["post-3826","page","type-page","status-publish","hentry"],"yoast_head":"<!-- This site is optimized with the Yoast SEO plugin v27.4 - https:\/\/yoast.com\/product\/yoast-seo-wordpress\/ -->\n<title>Licence Sociale d\u2019Op\u00e9rer - Eurolife | Agence RP \u00e0 Bruxelles, Belgique<\/title>\n<meta name=\"robots\" content=\"index, follow, max-snippet:-1, max-image-preview:large, max-video-preview:-1\" \/>\n<link rel=\"canonical\" href=\"https:\/\/www.eurolife.be\/fr\/relations-publiques\/gestion-de-la-reputation\/licence-sociale-d-operer\/\" \/>\n<meta property=\"og:locale\" content=\"fr_FR\" \/>\n<meta property=\"og:type\" content=\"article\" \/>\n<meta property=\"og:title\" content=\"Licence Sociale d\u2019Op\u00e9rer - Eurolife | Agence RP \u00e0 Bruxelles, Belgique\" \/>\n<meta property=\"og:url\" content=\"https:\/\/www.eurolife.be\/fr\/relations-publiques\/gestion-de-la-reputation\/licence-sociale-d-operer\/\" \/>\n<meta property=\"og:site_name\" content=\"Eurolife | Agence RP \u00e0 Bruxelles, Belgique\" \/>\n<meta property=\"article:publisher\" content=\"https:\/\/www.facebook.com\/EurolifePR\" \/>\n<meta property=\"article:modified_time\" content=\"2025-02-16T17:55:22+00:00\" \/>\n<meta property=\"og:image\" content=\"https:\/\/www.eurolife.be\/wp-content\/uploads\/2025\/02\/Site-Web-SLO-scaled.jpg\" \/>\n\t<meta property=\"og:image:width\" content=\"2560\" \/>\n\t<meta property=\"og:image:height\" content=\"1549\" \/>\n\t<meta property=\"og:image:type\" content=\"image\/jpeg\" \/>\n<meta name=\"twitter:card\" content=\"summary_large_image\" \/>\n<meta name=\"twitter:site\" content=\"@Eurolife_PR\" \/>\n<meta name=\"twitter:label1\" content=\"Dur\u00e9e de lecture estim\u00e9e\" \/>\n\t<meta name=\"twitter:data1\" content=\"4 minutes\" \/>\n<script type=\"application\/ld+json\" class=\"yoast-schema-graph\">{\"@context\":\"https:\\\/\\\/schema.org\",\"@graph\":[{\"@type\":\"WebPage\",\"@id\":\"https:\\\/\\\/www.eurolife.be\\\/fr\\\/relations-publiques\\\/gestion-de-la-reputation\\\/licence-sociale-d-operer\\\/\",\"url\":\"https:\\\/\\\/www.eurolife.be\\\/fr\\\/relations-publiques\\\/gestion-de-la-reputation\\\/licence-sociale-d-operer\\\/\",\"name\":\"Licence Sociale d\u2019Op\u00e9rer - Eurolife | Agence RP \u00e0 Bruxelles, Belgique\",\"isPartOf\":{\"@id\":\"https:\\\/\\\/www.eurolife.be\\\/fr\\\/#website\"},\"primaryImageOfPage\":{\"@id\":\"https:\\\/\\\/www.eurolife.be\\\/fr\\\/relations-publiques\\\/gestion-de-la-reputation\\\/licence-sociale-d-operer\\\/#primaryimage\"},\"image\":{\"@id\":\"https:\\\/\\\/www.eurolife.be\\\/fr\\\/relations-publiques\\\/gestion-de-la-reputation\\\/licence-sociale-d-operer\\\/#primaryimage\"},\"thumbnailUrl\":\"https:\\\/\\\/www.eurolife.be\\\/wp-content\\\/uploads\\\/2025\\\/02\\\/Site-Web-SLO-300x182.jpg\",\"datePublished\":\"2020-04-05T15:40:53+00:00\",\"dateModified\":\"2025-02-16T17:55:22+00:00\",\"breadcrumb\":{\"@id\":\"https:\\\/\\\/www.eurolife.be\\\/fr\\\/relations-publiques\\\/gestion-de-la-reputation\\\/licence-sociale-d-operer\\\/#breadcrumb\"},\"inLanguage\":\"fr-FR\",\"potentialAction\":[{\"@type\":\"ReadAction\",\"target\":[\"https:\\\/\\\/www.eurolife.be\\\/fr\\\/relations-publiques\\\/gestion-de-la-reputation\\\/licence-sociale-d-operer\\\/\"]}]},{\"@type\":\"ImageObject\",\"inLanguage\":\"fr-FR\",\"@id\":\"https:\\\/\\\/www.eurolife.be\\\/fr\\\/relations-publiques\\\/gestion-de-la-reputation\\\/licence-sociale-d-operer\\\/#primaryimage\",\"url\":\"https:\\\/\\\/www.eurolife.be\\\/wp-content\\\/uploads\\\/2025\\\/02\\\/Site-Web-SLO-300x182.jpg\",\"contentUrl\":\"https:\\\/\\\/www.eurolife.be\\\/wp-content\\\/uploads\\\/2025\\\/02\\\/Site-Web-SLO-300x182.jpg\"},{\"@type\":\"BreadcrumbList\",\"@id\":\"https:\\\/\\\/www.eurolife.be\\\/fr\\\/relations-publiques\\\/gestion-de-la-reputation\\\/licence-sociale-d-operer\\\/#breadcrumb\",\"itemListElement\":[{\"@type\":\"ListItem\",\"position\":1,\"name\":\"Relations publiques\",\"item\":\"https:\\\/\\\/www.eurolife.be\\\/fr\\\/relations-publiques\\\/\"},{\"@type\":\"ListItem\",\"position\":2,\"name\":\"Gestion de la r\u00e9putation\",\"item\":\"https:\\\/\\\/www.eurolife.be\\\/fr\\\/public-relations\\\/reputation-management\\\/\"},{\"@type\":\"ListItem\",\"position\":3,\"name\":\"Licence Sociale d\u2019Op\u00e9rer\"}]},{\"@type\":\"WebSite\",\"@id\":\"https:\\\/\\\/www.eurolife.be\\\/fr\\\/#website\",\"url\":\"https:\\\/\\\/www.eurolife.be\\\/fr\\\/\",\"name\":\"Eurolife | Agence RP \u00e0 Bruxelles, Belgique\",\"description\":\"Eurolife est une agence RP situ\u00e9e \u00e0 Bruxelles, Belgique\",\"publisher\":{\"@id\":\"https:\\\/\\\/www.eurolife.be\\\/fr\\\/#organization\"},\"potentialAction\":[{\"@type\":\"SearchAction\",\"target\":{\"@type\":\"EntryPoint\",\"urlTemplate\":\"https:\\\/\\\/www.eurolife.be\\\/fr\\\/?s={search_term_string}\"},\"query-input\":{\"@type\":\"PropertyValueSpecification\",\"valueRequired\":true,\"valueName\":\"search_term_string\"}}],\"inLanguage\":\"fr-FR\"},{\"@type\":\"Organization\",\"@id\":\"https:\\\/\\\/www.eurolife.be\\\/fr\\\/#organization\",\"name\":\"Eurolife\",\"url\":\"https:\\\/\\\/www.eurolife.be\\\/fr\\\/\",\"logo\":{\"@type\":\"ImageObject\",\"inLanguage\":\"fr-FR\",\"@id\":\"https:\\\/\\\/www.eurolife.be\\\/fr\\\/#\\\/schema\\\/logo\\\/image\\\/\",\"url\":\"https:\\\/\\\/www.eurolife.be\\\/wp-content\\\/uploads\\\/2017\\\/01\\\/Site-Web-Eurolife-Favicon-pour-Apple-iPad.jpg\",\"contentUrl\":\"https:\\\/\\\/www.eurolife.be\\\/wp-content\\\/uploads\\\/2017\\\/01\\\/Site-Web-Eurolife-Favicon-pour-Apple-iPad.jpg\",\"width\":72,\"height\":64,\"caption\":\"Eurolife\"},\"image\":{\"@id\":\"https:\\\/\\\/www.eurolife.be\\\/fr\\\/#\\\/schema\\\/logo\\\/image\\\/\"},\"sameAs\":[\"https:\\\/\\\/www.facebook.com\\\/EurolifePR\",\"https:\\\/\\\/x.com\\\/Eurolife_PR\",\"https:\\\/\\\/www.linkedin.com\\\/company\\\/eurolife\"]}]}<\/script>\n<!-- \/ Yoast SEO plugin. -->","yoast_head_json":{"title":"Licence Sociale d\u2019Op\u00e9rer - Eurolife | Agence RP \u00e0 Bruxelles, Belgique","robots":{"index":"index","follow":"follow","max-snippet":"max-snippet:-1","max-image-preview":"max-image-preview:large","max-video-preview":"max-video-preview:-1"},"canonical":"https:\/\/www.eurolife.be\/fr\/relations-publiques\/gestion-de-la-reputation\/licence-sociale-d-operer\/","og_locale":"fr_FR","og_type":"article","og_title":"Licence Sociale d\u2019Op\u00e9rer - Eurolife | Agence RP \u00e0 Bruxelles, Belgique","og_url":"https:\/\/www.eurolife.be\/fr\/relations-publiques\/gestion-de-la-reputation\/licence-sociale-d-operer\/","og_site_name":"Eurolife | Agence RP \u00e0 Bruxelles, Belgique","article_publisher":"https:\/\/www.facebook.com\/EurolifePR","article_modified_time":"2025-02-16T17:55:22+00:00","og_image":[{"width":2560,"height":1549,"url":"https:\/\/www.eurolife.be\/wp-content\/uploads\/2025\/02\/Site-Web-SLO-scaled.jpg","type":"image\/jpeg"}],"twitter_card":"summary_large_image","twitter_site":"@Eurolife_PR","twitter_misc":{"Dur\u00e9e de lecture estim\u00e9e":"4 minutes"},"schema":{"@context":"https:\/\/schema.org","@graph":[{"@type":"WebPage","@id":"https:\/\/www.eurolife.be\/fr\/relations-publiques\/gestion-de-la-reputation\/licence-sociale-d-operer\/","url":"https:\/\/www.eurolife.be\/fr\/relations-publiques\/gestion-de-la-reputation\/licence-sociale-d-operer\/","name":"Licence Sociale d\u2019Op\u00e9rer - Eurolife | Agence RP \u00e0 Bruxelles, Belgique","isPartOf":{"@id":"https:\/\/www.eurolife.be\/fr\/#website"},"primaryImageOfPage":{"@id":"https:\/\/www.eurolife.be\/fr\/relations-publiques\/gestion-de-la-reputation\/licence-sociale-d-operer\/#primaryimage"},"image":{"@id":"https:\/\/www.eurolife.be\/fr\/relations-publiques\/gestion-de-la-reputation\/licence-sociale-d-operer\/#primaryimage"},"thumbnailUrl":"https:\/\/www.eurolife.be\/wp-content\/uploads\/2025\/02\/Site-Web-SLO-300x182.jpg","datePublished":"2020-04-05T15:40:53+00:00","dateModified":"2025-02-16T17:55:22+00:00","breadcrumb":{"@id":"https:\/\/www.eurolife.be\/fr\/relations-publiques\/gestion-de-la-reputation\/licence-sociale-d-operer\/#breadcrumb"},"inLanguage":"fr-FR","potentialAction":[{"@type":"ReadAction","target":["https:\/\/www.eurolife.be\/fr\/relations-publiques\/gestion-de-la-reputation\/licence-sociale-d-operer\/"]}]},{"@type":"ImageObject","inLanguage":"fr-FR","@id":"https:\/\/www.eurolife.be\/fr\/relations-publiques\/gestion-de-la-reputation\/licence-sociale-d-operer\/#primaryimage","url":"https:\/\/www.eurolife.be\/wp-content\/uploads\/2025\/02\/Site-Web-SLO-300x182.jpg","contentUrl":"https:\/\/www.eurolife.be\/wp-content\/uploads\/2025\/02\/Site-Web-SLO-300x182.jpg"},{"@type":"BreadcrumbList","@id":"https:\/\/www.eurolife.be\/fr\/relations-publiques\/gestion-de-la-reputation\/licence-sociale-d-operer\/#breadcrumb","itemListElement":[{"@type":"ListItem","position":1,"name":"Relations publiques","item":"https:\/\/www.eurolife.be\/fr\/relations-publiques\/"},{"@type":"ListItem","position":2,"name":"Gestion de la r\u00e9putation","item":"https:\/\/www.eurolife.be\/fr\/public-relations\/reputation-management\/"},{"@type":"ListItem","position":3,"name":"Licence Sociale d\u2019Op\u00e9rer"}]},{"@type":"WebSite","@id":"https:\/\/www.eurolife.be\/fr\/#website","url":"https:\/\/www.eurolife.be\/fr\/","name":"Eurolife | Agence RP \u00e0 Bruxelles, Belgique","description":"Eurolife est une agence RP situ\u00e9e \u00e0 Bruxelles, Belgique","publisher":{"@id":"https:\/\/www.eurolife.be\/fr\/#organization"},"potentialAction":[{"@type":"SearchAction","target":{"@type":"EntryPoint","urlTemplate":"https:\/\/www.eurolife.be\/fr\/?s={search_term_string}"},"query-input":{"@type":"PropertyValueSpecification","valueRequired":true,"valueName":"search_term_string"}}],"inLanguage":"fr-FR"},{"@type":"Organization","@id":"https:\/\/www.eurolife.be\/fr\/#organization","name":"Eurolife","url":"https:\/\/www.eurolife.be\/fr\/","logo":{"@type":"ImageObject","inLanguage":"fr-FR","@id":"https:\/\/www.eurolife.be\/fr\/#\/schema\/logo\/image\/","url":"https:\/\/www.eurolife.be\/wp-content\/uploads\/2017\/01\/Site-Web-Eurolife-Favicon-pour-Apple-iPad.jpg","contentUrl":"https:\/\/www.eurolife.be\/wp-content\/uploads\/2017\/01\/Site-Web-Eurolife-Favicon-pour-Apple-iPad.jpg","width":72,"height":64,"caption":"Eurolife"},"image":{"@id":"https:\/\/www.eurolife.be\/fr\/#\/schema\/logo\/image\/"},"sameAs":["https:\/\/www.facebook.com\/EurolifePR","https:\/\/x.com\/Eurolife_PR","https:\/\/www.linkedin.com\/company\/eurolife"]}]}},"_links":{"self":[{"href":"https:\/\/www.eurolife.be\/fr\/wp-json\/wp\/v2\/pages\/3826","targetHints":{"allow":["GET"]}}],"collection":[{"href":"https:\/\/www.eurolife.be\/fr\/wp-json\/wp\/v2\/pages"}],"about":[{"href":"https:\/\/www.eurolife.be\/fr\/wp-json\/wp\/v2\/types\/page"}],"author":[{"embeddable":true,"href":"https:\/\/www.eurolife.be\/fr\/wp-json\/wp\/v2\/users\/3"}],"replies":[{"embeddable":true,"href":"https:\/\/www.eurolife.be\/fr\/wp-json\/wp\/v2\/comments?post=3826"}],"version-history":[{"count":0,"href":"https:\/\/www.eurolife.be\/fr\/wp-json\/wp\/v2\/pages\/3826\/revisions"}],"up":[{"embeddable":true,"href":"https:\/\/www.eurolife.be\/fr\/wp-json\/wp\/v2\/pages\/3807"}],"wp:attachment":[{"href":"https:\/\/www.eurolife.be\/fr\/wp-json\/wp\/v2\/media?parent=3826"}],"curies":[{"name":"wp","href":"https:\/\/api.w.org\/{rel}","templated":true}]}}